{"id":724,"date":"2016-09-06T14:09:59","date_gmt":"2016-09-06T06:09:59","guid":{"rendered":"https:\/\/www.om-macau.org\/pt-pt\/%e8%b3%bc%e7%a5%a8%e6%8c%87%e5%8d%97\/"},"modified":"2018-06-20T17:18:24","modified_gmt":"2018-06-20T09:18:24","slug":"guia-de-reserva-e-informacoes-sobre-bilhetes","status":"publish","type":"page","link":"https:\/\/www.om-macau.org\/pt-pt\/guia-de-reserva-e-informacoes-sobre-bilhetes\/","title":{"rendered":"2017-2018"},"content":{"rendered":"<p>[vc_row][vc_column][vc_column_text]<\/p>\n<p style=\"text-align: justify;\">Os bilhetes \u00e0 venda a partir do dia 18 de Julho de 2017 na Bilheteira Online de Macau. As datas de venda dos bilhetes para \u201cConcerto do Dia dos Namorados \u2013 O Fantasma do Amor\u201d, \u201cHer\u00f3is: Uma Sinfonia de Jogos Electr\u00f3nicos\u201d, os concertos da Orquestra de Macau integrados no Festival Internacional de M\u00fasica de Macau e no Festival de Artes de Macau ser\u00e3o anunciados mais tarde. \u00c9 favor visita o s\u00edtio oficial da Orquestra de Macau e Bilheteira Online de Macau para actualiza\u00e7\u00f5es.<\/p>\n<p>[\/vc_column_text][vc_column_text]<\/p>\n<h3><span style=\"color: #ffffff;\">Ofertas Especiais<\/span> <span style=\"color: #d1ae6d;\">^<\/span><\/h3>\n<p>[\/vc_column_text][vc_column_text]<\/p>\n<h5><span style=\"color: #d1ae6d;\">Descontos^<\/span><\/h5>\n<ul>\n<li>\u201cConfraternizando com a alegria musical\u201d \u2013 Para 2 ou mais espect\u00e1culos diferentes<\/li>\n<li>Amigos da OM (Sem limite de n\u00famero de bilhetes)<\/li>\n<\/ul>\n<p>[\/vc_column_text][vc_column_text]<strong>Compra antecipada:<\/strong>desconto de 40% na compra de bilhetes entre 18 de Julho e 31 de Agosto de 2017<\/p>\n<p><strong>Desconto de temporada:<\/strong>desconto de 30% a partir de 1 de Setembro de 2017<\/p>\n<p style=\"text-align: justify;\">Durante o per\u00edodo de compra antecipada, os amigos da OM podem redimir 2 bilhetes de \u201cConfraternizando com a alegria musical \u2013 Gala e encontro anual\u201d, apresentando o seu cart\u00e3o de membro e os bilhetes para \u201cGigante do Piano\u201d, \u201cOs trilhos musicais de Dvo\u0159\u00e1k\u201d ou \u201cConcerto de Encerramento da Temporada 2017-18 \u2013 A Sinfonia N.\u00ba 9 de Beethoven\u201d , na Recep\u00e7\u00e3o do Instituto Cultural durante o hor\u00e1rio de expediente. O n\u00famero de bilhetes dispon\u00edveis para troca \u00e9 limitado.<\/p>\n<p>[\/vc_column_text][\/vc_column][\/vc_row][vc_row][vc_column width=&#8221;1\/4&#8243;][vc_single_image image=&#8221;780&#8243; img_size=&#8221;full&#8221;][\/vc_column][vc_column width=&#8221;3\/4&#8243;][vc_column_text]<\/p>\n<h5><span style=\"color: #d1ae6d;\">Desconto de 50%<\/span><\/h5>\n<ul>\n<li>Para portadores de Cart\u00e3o de Estudante, a tempo inteiro e v\u00e1lido* (portadores de cart\u00e3o de estudante local ou residente de Macau com cart\u00e3o de estudante internacional)<\/li>\n<li>Para portadores do Cart\u00e3o de Idoso* ou do Registo de Avalia\u00e7\u00e3o de Defici\u00eancia*.<\/li>\n<\/ul>\n<p>[\/vc_column_text][\/vc_column][\/vc_row][vc_row][vc_column width=&#8221;1\/4&#8243;][vc_single_image image=&#8221;778&#8243; img_size=&#8221;full&#8221;][\/vc_column][vc_column width=&#8221;3\/4&#8243;][vc_column_text]<\/p>\n<h5><span style=\"color: #d1ae6d;\">Desconto exclusivo de 30% na compra de bilhetes para portadores de cart\u00e3o de cr\u00e9dito do BOC#<\/span><\/h5>\n<p style=\"text-align: justify;\">Os portadores de Cart\u00e3o de Cr\u00e9dito do BOC# ou de Cart\u00e3o do BOC poder\u00e3o usufruir de um desconto de 30% na compra de bilhetes para programas especiais, sem limite de n\u00famero de bilhetes. Os programas especiais incluem \u201cConcerto de Abertura da Temporada 2017-18 \u2013 Kyung Wha Chung e a Orquestra de Macau\u201d, \u201cEstrelas em Viena \u2013 Concerto de Ano Novo\u201d, \u201cGigante do Piano\u201d e \u201cConcerto de Encerramento da Temporada 2017-18 \u2013 A Sinfonia N.\u00ba 9 de Beethoven\u201d.<\/p>\n<p>[\/vc_column_text][vc_column_text]<\/p>\n<h5><span style=\"color: #d1ae6d;\">Desconto de 30% para grupos<\/span><\/h5>\n<p>Na compra de 10 bilhetes para o mesmo concerto (incluindo bilhetes de pre\u00e7os diferentes)[\/vc_column_text][\/vc_column][\/vc_row][vc_row][vc_column width=&#8221;1\/4&#8243;][vc_single_image image=&#8221;777&#8243; img_size=&#8221;full&#8221;][\/vc_column][vc_column width=&#8221;3\/4&#8243;][vc_column_text]<\/p>\n<h5><span style=\"color: #d1ae6d;\">Desconto de 20%<\/span><\/h5>\n<ul>\n<li>Para portadores do Cart\u00e3o de Professor emitido em Macau*<\/li>\n<li>Para portadores do Cart\u00e3o de Cr\u00e9dito do BOC# ou de cart\u00e3o do BOC, na compra de qualquer n\u00famero de bilhetes para programas n\u00e3o especiais<\/li>\n<li>Para portadores de cart\u00f5es Visa, MasterCard ou UnionPay do ICBC Macau, Banco BCM e OCBC Weng Hang, na compra de qualquer n\u00famero de bilhetes<\/li>\n<li>Para portadores de cart\u00e3o de embarque da Air Macau (c\u00f3digo de voo NX) com Macau como destino (MFM) at\u00e9 7 dias ap\u00f3s a data de voo na compra, em qualquer ponto de venda da Bilheteira de Macau, de qualquer n\u00famero de bilhetes para concertos.<\/li>\n<\/ul>\n<p>[\/vc_column_text][\/vc_column][\/vc_row][vc_row][vc_column][vc_column_text]<\/p>\n<p style=\"text-align: justify;\">Ofertas apenas para portadores de cart\u00f5es MasterCard, Visa ou UnionPay emitidos pelos Bancos parceiros designados. Em compras online, aceitam-se somente cart\u00f5es MasterCard e Visa.<\/p>\n<p style=\"text-align: justify;\"><sup>#<\/sup>Esta promo\u00e7\u00e3o n\u00e3o est\u00e1 dispon\u00edvel para os portadores do Cart\u00e3o de Cr\u00e9dito do Banco Tai Fung emitido pelo BOC Credit Card (internacional) Limited na regi\u00e3o de Macau.<\/p>\n<p style=\"text-align: justify;\">*Cada portador de cart\u00e3o tem apenas direito a adquirir um bilhete com desconto por espect\u00e1culo.\u00c9 favor apresentar o documento respectivo \u00e0 entrada, caso contr\u00e1rio ser\u00e1 cobrado o pre\u00e7o integral do bilhete.<\/p>\n<p style=\"text-align: justify;\">^Excluindo concertos da Orquestra de Macau integrados no Festival Internacional de M\u00fasica de Macau,\u00a0no Festival de Artes de Macau.<\/p>\n<p>[\/vc_column_text][\/vc_column][\/vc_row][vc_row][vc_column width=&#8221;5\/12&#8243;][vc_single_image image=&#8221;776&#8243; img_size=&#8221;full&#8221;][vc_column_text]Website\uff1a<a href=\"https:\/\/www.macauticket.com\" target=\"_blank\" rel=\"noopener noreferrer\">www.macauticket.com\u3000<\/a><br \/>\nReserva de Bilhetes\uff1a<br \/>\nMacau\u3000(853) 2855 5555<br \/>\nHong Kong\u3000(852) 2380 5083[\/vc_column_text][\/vc_column][vc_column width=&#8221;5\/12&#8243;][vc_single_image image=&#8221;775&#8243; img_size=&#8221;full&#8221;][vc_column_text]Endere\u00e7o: Pra\u00e7a do Tap Siac, Edif. do Instituto Cultural, Macau<br \/>\nWebsite\uff1a<a href=\"https:\/\/www.om-macau.org\" target=\"_blank\" rel=\"noopener noreferrer\">https:\/\/www.om-macau.org <\/a><br \/>\nE-mail\uff1aocm@icm.gov.mo<br \/>\nTel\uff1a(853) 2853 0782<br \/>\nFax\uff1a(853) 2853 0666[\/vc_column_text][\/vc_column][\/vc_row][vc_row][vc_column][vc_column_text]<\/p>\n<p style=\"text-align: justify;\">Convidam-se todas as crian\u00e7as de 3 ou mais anos de idade para o \u201cConcerto do Dia da Crian\u00e7a\u00a0<strong>\u2013\u00a0<\/strong>Terra de Fadas e Magia Sinf\u00f3nica\u201d, n\u00e3o \u00e9 permitida a entrada a menores de 6 anos dos outros espectaculos.<\/p>\n<p style=\"text-align: justify;\">A Organiza\u00e7\u00e3o reserva-se o direito de alterar o programa e os artistas.<\/p>\n<p>[\/vc_column_text][\/vc_column][\/vc_row][vc_row][vc_column][vc_column_text]<\/p>\n<h2><span style=\"color: #d1ae6d;\">Fa\u00e7a \u201cGosto\u201d na nossa p\u00e1gina no Facebook para saber as \u00faltimas novidades<\/span><\/h2>\n<p>[\/vc_column_text][vc_row_inner][vc_column_inner width=&#8221;1\/2&#8243;][vc_single_image image=&#8221;785&#8243; img_size=&#8221;full&#8221; onclick=&#8221;custom_link&#8221; img_link_target=&#8221;_blank&#8221; link=&#8221;https:\/\/www.facebook.com\/MacaoOrchestra\/&#8221;][\/vc_column_inner][vc_column_inner width=&#8221;1\/2&#8243;][vc_single_image image=&#8221;784&#8243; img_size=&#8221;full&#8221; onclick=&#8221;custom_link&#8221; img_link_target=&#8221;_blank&#8221; link=&#8221;https:\/\/tw.weibo.com\/orchestramacao&#8221;][\/vc_column_inner][\/vc_row_inner][vc_column_text]A Organiza\u00e7\u00e3o reserva-se o direito de alterar o programa e os artistas.[\/vc_column_text][\/vc_column][\/vc_row]<\/p>\n","protected":false},"excerpt":{"rendered":"<p>[vc_row][vc_column][vc_column_text] Os bilhetes \u00e0 venda a partir do dia 18 de Julho de 2017 na Bilheteira Online de Macau. As &hellip; <a href=\"https:\/\/www.om-macau.org\/pt-pt\/guia-de-reserva-e-informacoes-sobre-bilhetes\/\" class=\"more-link\">Continuar a ler<span class=\"screen-reader-text\"> &#8220;2017-2018&#8221;<\/span><\/a><\/p>\n","protected":false},"author":1,"featured_media":0,"parent":0,"menu_order":0,"comment_status":"closed","ping_status":"closed","template":"page_ticket.php","meta":{"_acf_changed":false,"footnotes":""},"class_list":["post-724","page","type-page","status-publish","hentry"],"acf":[],"_links":{"self":[{"href":"https:\/\/www.om-macau.org\/pt-pt\/wp-json\/wp\/v2\/pages\/724","targetHints":{"allow":["GET"]}}],"collection":[{"href":"https:\/\/www.om-macau.org\/pt-pt\/wp-json\/wp\/v2\/pages"}],"about":[{"href":"https:\/\/www.om-macau.org\/pt-pt\/wp-json\/wp\/v2\/types\/page"}],"author":[{"embeddable":true,"href":"https:\/\/www.om-macau.org\/pt-pt\/wp-json\/wp\/v2\/users\/1"}],"replies":[{"embeddable":true,"href":"https:\/\/www.om-macau.org\/pt-pt\/wp-json\/wp\/v2\/comments?post=724"}],"version-history":[{"count":15,"href":"https:\/\/www.om-macau.org\/pt-pt\/wp-json\/wp\/v2\/pages\/724\/revisions"}],"predecessor-version":[{"id":14890,"href":"https:\/\/www.om-macau.org\/pt-pt\/wp-json\/wp\/v2\/pages\/724\/revisions\/14890"}],"wp:attachment":[{"href":"https:\/\/www.om-macau.org\/pt-pt\/wp-json\/wp\/v2\/media?parent=724"}],"curies":[{"name":"wp","href":"https:\/\/api.w.org\/{rel}","templated":true}]}}