{"id":6619,"date":"2017-02-06T15:49:32","date_gmt":"2017-02-06T07:49:32","guid":{"rendered":"https:\/\/www.om-macau.org\/?page_id=6619\/"},"modified":"2017-02-06T15:49:32","modified_gmt":"2017-02-06T07:49:32","slug":"masterclass-de-violino-com-ning-feng","status":"publish","type":"page","link":"https:\/\/www.om-macau.org\/pt-pt\/masterclass-de-violino-com-ning-feng\/","title":{"rendered":"Masterclass de Violino com Ning Feng"},"content":{"rendered":"<p>[vc_row][vc_column]<div class=\"cqcarousel-container \" data-slidestoshow=\"5\" data-thumbstoshow=\"7\" data-dots=\"yes\" data-arrows=\"yes\" data-isgallery=\"\" data-largeimagearrows=\"yes\" data-autoplay=\"no\" data-autoplayspeed=\"4000\" data-containerwidth=\"\" data-containermaxwidth=\"\" data-imgnum=\"1\" data-bottomversion=\"\" data-dotbottom=\"\"><div class=\"carousel-thumb \"><div title=\"\"><a href=\"https:\/\/www.om-macau.org\/wp-content\/uploads\/2017\/02\/Ning-Feng_2666bw_credit-Felix-Broede.jpg\" class=\"cqcarousel-item\"><img decoding=\"async\" src=\"https:\/\/www.om-macau.org\/wp-content\/uploads\/2017\/02\/Ning-Feng_2666bw_credit-Felix-Broede-320x200.jpg\" \/><\/a><\/div><\/div><\/div>[vc_column_text]Data: 2017\/2\/17 Sexta-feira<br \/>\nHora: 19:00<br \/>\nLocal: Museu de Arte de Macau &#8211; Audit\u00f3rio do Museu<br \/>\nL\u00edngua: Mandarim e Ingl\u00eas<br \/>\nLimite de participantes: 6<br \/>\nRequisitos de inscri\u00e7\u00e3o: ABRSM \u2013 Grau 8 de violino ou superior<br \/>\nLimite de observadores: 50<br \/>\nTaxa de inscri\u00e7\u00e3o para participantes: MOP100<br \/>\nTaxa de inscri\u00e7\u00e3o para observadores: MOP40<\/p>\n<p>Violino: Ning Feng[\/vc_column_text][\/vc_column][\/vc_row][vc_row][vc_column][\/vc_column][\/vc_row]<\/p>\n","protected":false},"excerpt":{"rendered":"<p>[vc_row][vc_column][vc_column_text]Data: 2017\/2\/17 Sexta-feira Hora: 19:00 Local: Museu de Arte de Macau &#8211; Audit\u00f3rio do Museu L\u00edngua: Mandarim e Ingl\u00eas Limite &hellip; <a href=\"https:\/\/www.om-macau.org\/pt-pt\/masterclass-de-violino-com-ning-feng\/\" class=\"more-link\">Continuar a ler<span class=\"screen-reader-text\"> &#8220;Masterclass de Violino com Ning Feng&#8221;<\/span><\/a><\/p>\n","protected":false},"author":5,"featured_media":6600,"parent":0,"menu_order":0,"comment_status":"closed","ping_status":"closed","template":"","meta":{"_acf_changed":false,"footnotes":""},"class_list":["post-6619","page","type-page","status-publish","has-post-thumbnail","hentry"],"acf":[],"_links":{"self":[{"href":"https:\/\/www.om-macau.org\/pt-pt\/wp-json\/wp\/v2\/pages\/6619","targetHints":{"allow":["GET"]}}],"collection":[{"href":"https:\/\/www.om-macau.org\/pt-pt\/wp-json\/wp\/v2\/pages"}],"about":[{"href":"https:\/\/www.om-macau.org\/pt-pt\/wp-json\/wp\/v2\/types\/page"}],"author":[{"embeddable":true,"href":"https:\/\/www.om-macau.org\/pt-pt\/wp-json\/wp\/v2\/users\/5"}],"replies":[{"embeddable":true,"href":"https:\/\/www.om-macau.org\/pt-pt\/wp-json\/wp\/v2\/comments?post=6619"}],"version-history":[{"count":1,"href":"https:\/\/www.om-macau.org\/pt-pt\/wp-json\/wp\/v2\/pages\/6619\/revisions"}],"predecessor-version":[{"id":6620,"href":"https:\/\/www.om-macau.org\/pt-pt\/wp-json\/wp\/v2\/pages\/6619\/revisions\/6620"}],"wp:featuredmedia":[{"embeddable":true,"href":"https:\/\/www.om-macau.org\/pt-pt\/wp-json\/wp\/v2\/media\/6600"}],"wp:attachment":[{"href":"https:\/\/www.om-macau.org\/pt-pt\/wp-json\/wp\/v2\/media?parent=6619"}],"curies":[{"name":"wp","href":"https:\/\/api.w.org\/{rel}","templated":true}]}}