{"id":51263,"date":"2025-09-06T19:26:54","date_gmt":"2025-09-06T11:26:54","guid":{"rendered":"https:\/\/www.om-macau.org\/?page_id=51263"},"modified":"2025-09-06T19:26:54","modified_gmt":"2025-09-06T11:26:54","slug":"tony-cheng-te-yeh-2","status":"publish","type":"page","link":"https:\/\/www.om-macau.org\/pt-pt\/tony-cheng-te-yeh-2\/","title":{"rendered":"Maestro Residente\uff5cTony Cheng-Te Yeh"},"content":{"rendered":"<p>[vc_row][vc_column][vc_single_image image=&#8221;51255&#8243; img_size=&#8221;large&#8221; alignment=&#8221;center&#8221;][vc_column_text]<\/p>\n<p style=\"text-align: justify;\"><span style=\"color: #ffffff;\">\u201cCheng-Te Yeh possui um talento nato para reger e um gosto musical refinado, sendo capaz de apresentar m\u00fasica da mais alta qualidade, profunda e comovente, independentemente da obra ou da orquestra.\u201d<\/span><\/p>\n<p style=\"text-align: right;\"><span style=\"color: #ffffff;\">* Lan Shui,<\/span><\/p>\n<p><span style=\"color: #ffffff;\">Maestro Laureado da Orquestra Sinf\u00f3nica de Singapura<\/span><\/p>\n<p><span style=\"color: #ffffff;\">Maestro Honor\u00e1rio da Orquestra Filarm\u00f3nica de Copenhaga<\/span><\/p>\n<p><span style=\"color: #ffffff;\">\u201cTony \u00e9 um maestro incrivelmente talentoso, com uma personalidade forte e apaixonada que lhe permite trabalhar bem com todos os membros da orquestra.\u201d<\/span><\/p>\n<p style=\"text-align: right;\"><span style=\"color: #ffffff;\">* Leonid Grin,<\/span><\/p>\n<p style=\"text-align: right;\"><span style=\"color: #ffffff;\">Director Musical da Orquestra Sinf\u00f3nica Nacional do Chile<\/span><\/p>\n<p style=\"text-align: justify;\"><span style=\"font-weight: 400; color: #ffffff;\">Cheng-Te Yeh assumir\u00e1 o cargo de Maestro Residente da Orquestra de Macau na temporada 2025\u201326. Em Setembro de 2023, foi convidado por Lio Kuokman, Director Musical e Maestro Principal da Orquestra de Macau, para exercer fun\u00e7\u00f5es como Maestro Adjunto. Durante o seu mandato, regeu com sucesso diversos concertos de grande import\u00e2ncia local. Posteriormente, liderou a orquestra numa digress\u00e3o a Zhuhai para participar na \u201c3.\u00aa edi\u00e7\u00e3o do Festival de Artes de Zhuhai\u201d. Em 2024, dirigiu a Orquestra de Macau em colabora\u00e7\u00e3o com o Hong Kong Ballet na estreia mundial da grande produ\u00e7\u00e3o de ballet \u201cLiang Zhu \u2013 A Lenda dos Amantes Borboletas\u201d, que foi calorosamente aclamada.<\/span><\/p>\n<p style=\"text-align: justify;\"><span style=\"font-weight: 400; color: #ffffff;\">Entre 2019 e 2022, exerceu fun\u00e7\u00f5es como Maestro Adjunto da Orquestra Sinf\u00f3nica e da Orquestra Filarm\u00f3nica na Regi\u00e3o de Taiwan, China. Yeh \u00e9 profundamente apaixonado pelas artes performativas orquestrais. A sua direc\u00e7\u00e3o \u00e9 precisa, clara e dotada de um estilo vibrante e expressivo. Al\u00e9m de reger obras sinf\u00f3nicas e estrear pe\u00e7as contempor\u00e2neas, tem-se destacado tamb\u00e9m na direc\u00e7\u00e3o e concep\u00e7\u00e3o de concertos interdisciplinares, abrangendo teatro, dan\u00e7a, m\u00fasica folcl\u00f3rica e m\u00fasica popular, sendo amplamente elogiado por diferentes sectores culturais.<\/span><\/p>\n<p style=\"text-align: justify;\"><span style=\"font-weight: 400; color: #ffffff;\">Em 2013, obteve o Diploma Superior em Direc\u00e7\u00e3o de Orquestra pela \u00c9cole Normale de Musique de Paris, sendo aprovado com a mais alta distin\u00e7\u00e3o \u2013 \u201caprecia\u00e7\u00e3o un\u00e2nime com felicita\u00e7\u00f5es do j\u00fari\u201d \u2013 durante dois anos consecutivos. Foi o primeiro, em 32 anos, a concluir este programa com tal distin\u00e7\u00e3o em tempo recorde. Em 2017, concluiu o Mestrado em Direc\u00e7\u00e3o de Orquestra na Haute \u00c9cole de Musique de Lausanne, sob a orienta\u00e7\u00e3o do conceituado maestro franc\u00eas Aur\u00e9lien Azan Zielinski.<\/span><\/p>\n<p style=\"text-align: justify;\"><span style=\"font-weight: 400; color: #ffffff;\">Durante a sua estadia na Europa, participou activamente em actividades e academias internacionais de reg\u00eancia. Em 2016, recebeu uma bolsa integral do Governo da Su\u00ed\u00e7a para participar no prestigiado Festival Menuhin de Gstaad, onde colaborou com m\u00fasicos de renome, incluindo a fam\u00edlia Ottensamer de clarinetistas, a violoncelista Sol Gabetta, a pianista Gwhyneth Chen, bem como os violinistas Richard Lin e Pin-Jen Lin. Entre 2014 e 2016, foi seleccionado v\u00e1rias vezes para integrar a famosa Academia J\u00e4rvi, tendo sido orientado por mestres como Valery Gergiev, Neeme J\u00e4rvi, Paavo J\u00e4rvi, Jorma Panula, Leonid Grin e Wing-Sie Yip.<\/span><\/p>\n<p style=\"text-align: justify;\"><span style=\"font-weight: 400; color: #ffffff;\">As orquestras com que Yeh colaborou incluem a Orquestra do Festival de Gstaad, Orquestra da Academia J\u00e4rvi, Orquestra da cidade de P\u00e4rnu, Orquestra da VU (Amesterd\u00e3o), Orquestra da \u00d3pera de Massy, Orquestra Filarm\u00f3nica de Taiwan, Orquestra Sinf\u00f3nica Evergreen e Orquestra Chinesa da Cidade de Kaohsiung, entre outras.<\/span><\/p>\n<p style=\"text-align: justify;\"><span style=\"font-weight: 400; color: #ffffff;\">Yeh dedica-se igualmente \u00e0 educa\u00e7\u00e3o art\u00edstica e \u00e0 forma\u00e7\u00e3o de novos talentos. Em 2023, conduziu a sua orquestra estudantil \u00e0 conquista da medalha de ouro no Festival Global de M\u00fasica da Juventude (SCL Festival) em Viena, apresentando-se na prestigiada Sala Dourada do Musikverein e na Konzerthaus. Atrav\u00e9s da m\u00fasica, lidera jovens estudantes no seu processo de aprendizagem e crescimento art\u00edstico.<\/span><\/p>\n<p>\u00a0[\/vc_column_text][\/vc_column][\/vc_row]<\/p>\n","protected":false},"excerpt":{"rendered":"<p>[vc_row][vc_column][vc_single_image image=&#8221;51255&#8243; img_size=&#8221;large&#8221; alignment=&#8221;center&#8221;][vc_column_text] \u201cCheng-Te Yeh possui um talento nato para reger e um gosto musical refinado, sendo capaz de &hellip; <a href=\"https:\/\/www.om-macau.org\/pt-pt\/tony-cheng-te-yeh-2\/\" class=\"more-link\">Continuar a ler<span class=\"screen-reader-text\"> &#8220;Maestro Residente\uff5cTony Cheng-Te Yeh&#8221;<\/span><\/a><\/p>\n","protected":false},"author":2,"featured_media":0,"parent":0,"menu_order":0,"comment_status":"closed","ping_status":"closed","template":"page_general.php","meta":{"_acf_changed":false,"footnotes":""},"class_list":["post-51263","page","type-page","status-publish","hentry"],"acf":[],"_links":{"self":[{"href":"https:\/\/www.om-macau.org\/pt-pt\/wp-json\/wp\/v2\/pages\/51263","targetHints":{"allow":["GET"]}}],"collection":[{"href":"https:\/\/www.om-macau.org\/pt-pt\/wp-json\/wp\/v2\/pages"}],"about":[{"href":"https:\/\/www.om-macau.org\/pt-pt\/wp-json\/wp\/v2\/types\/page"}],"author":[{"embeddable":true,"href":"https:\/\/www.om-macau.org\/pt-pt\/wp-json\/wp\/v2\/users\/2"}],"replies":[{"embeddable":true,"href":"https:\/\/www.om-macau.org\/pt-pt\/wp-json\/wp\/v2\/comments?post=51263"}],"version-history":[{"count":2,"href":"https:\/\/www.om-macau.org\/pt-pt\/wp-json\/wp\/v2\/pages\/51263\/revisions"}],"predecessor-version":[{"id":51267,"href":"https:\/\/www.om-macau.org\/pt-pt\/wp-json\/wp\/v2\/pages\/51263\/revisions\/51267"}],"wp:attachment":[{"href":"https:\/\/www.om-macau.org\/pt-pt\/wp-json\/wp\/v2\/media?parent=51263"}],"curies":[{"name":"wp","href":"https:\/\/api.w.org\/{rel}","templated":true}]}}