{"id":51250,"date":"2025-09-06T19:26:23","date_gmt":"2025-09-06T11:26:23","guid":{"rendered":"https:\/\/www.om-macau.org\/?page_id=51250"},"modified":"2025-09-06T19:26:23","modified_gmt":"2025-09-06T11:26:23","slug":"nikki-chooi","status":"publish","type":"page","link":"https:\/\/www.om-macau.org\/pt-pt\/nikki-chooi\/","title":{"rendered":"Co-Concertino Convidado Principal\uff5cNikki Chooi"},"content":{"rendered":"<p>[vc_row][vc_column][vc_single_image image=&#8221;51197&#8243; img_size=&#8221;large&#8221; alignment=&#8221;center&#8221;][vc_column_text]<\/p>\n<p style=\"text-align: justify;\"><span style=\"font-weight: 400; color: #ffffff;\">O violinista canadiano-americano Nikki Chooi (\u5f90\u4efb\u6e90) estabeleceu-se como um dos int\u00e9rpretes mais carism\u00e1ticos, vers\u00e1teis e cativantes da sua gera\u00e7\u00e3o. Vencedor do Concurso Internacional de Violino Michael Hill e laureado nos Concursos Rainha Isabel e Tchaikovsky, tem-se apresentado em prestigiadas salas e festivais, incluindo o Stern Auditorium do Carnegie Hall, o Festival de M\u00fasica de Marlboro, o Ravinia Festival, o Dresden Musikfestspiele, o Festival de Moritzburg e o Kammermusik Utrecht.<\/span><\/p>\n<p style=\"text-align: justify;\"><span style=\"font-weight: 400; color: #ffffff;\">Como solista, actuou com a Orquestra Sinf\u00f3nica de Vancouver, a Filarm\u00f3nica de Rochester, a Filarm\u00f3nica de Hong Kong, a Orquestra Nacional da B\u00e9lgica e a Orquestra Filarm\u00f3nica de Auckland. Actualmente, \u00e9 concertino da Orquestra Filarm\u00f3nica de Buffalo, vencedora de um Grammy, e da Orquestra da \u00d3pera de Santa F\u00e9. Anteriormente, foi concertino da Orquestra da Metropolitan Opera e apresentou-se como concertino convidado com a Orquestra Sinf\u00f3nica de Boston, a Orquestra Sinf\u00f3nica de Pittsburgh e a Orquestra Sinf\u00f3nica de Sydney.<\/span><\/p>\n<p style=\"text-align: justify;\"><span style=\"font-weight: 400; color: #ffffff;\">Diplomado pelo Curtis Institute of Music e pela Juilliard School, teve como mentores Joseph Silverstein, Ida Kavafian e Donald Weilerstein. Tem colaborado com artistas como JoAnn Falletta, Yo-Yo Ma e, em projectos especiais, com o seu irm\u00e3o, o violinista Timmy Chooi.<\/span><\/p>\n<p style=\"text-align: justify;\"><span style=\"font-weight: 400; color: #ffffff;\">Nikki toca num Stradivarius de 1713, gentilmente cedido pela CANIMEX INC. de Drummondville, Quebec, e num G.B. Guadagnini de 1749, emprestado por tempo indeterminado atrav\u00e9s da Stradivari Society de Chicago.<\/span><\/p>\n<p>[\/vc_column_text][\/vc_column][\/vc_row]<\/p>\n","protected":false},"excerpt":{"rendered":"<p>[vc_row][vc_column][vc_single_image image=&#8221;51197&#8243; img_size=&#8221;large&#8221; alignment=&#8221;center&#8221;][vc_column_text] O violinista canadiano-americano Nikki Chooi (\u5f90\u4efb\u6e90) estabeleceu-se como um dos int\u00e9rpretes mais carism\u00e1ticos, vers\u00e1teis e cativantes &hellip; <a href=\"https:\/\/www.om-macau.org\/pt-pt\/nikki-chooi\/\" class=\"more-link\">Continuar a ler<span class=\"screen-reader-text\"> &#8220;Co-Concertino Convidado Principal\uff5cNikki Chooi&#8221;<\/span><\/a><\/p>\n","protected":false},"author":2,"featured_media":0,"parent":0,"menu_order":0,"comment_status":"closed","ping_status":"closed","template":"page_general.php","meta":{"_acf_changed":false,"footnotes":""},"class_list":["post-51250","page","type-page","status-publish","hentry"],"acf":[],"_links":{"self":[{"href":"https:\/\/www.om-macau.org\/pt-pt\/wp-json\/wp\/v2\/pages\/51250","targetHints":{"allow":["GET"]}}],"collection":[{"href":"https:\/\/www.om-macau.org\/pt-pt\/wp-json\/wp\/v2\/pages"}],"about":[{"href":"https:\/\/www.om-macau.org\/pt-pt\/wp-json\/wp\/v2\/types\/page"}],"author":[{"embeddable":true,"href":"https:\/\/www.om-macau.org\/pt-pt\/wp-json\/wp\/v2\/users\/2"}],"replies":[{"embeddable":true,"href":"https:\/\/www.om-macau.org\/pt-pt\/wp-json\/wp\/v2\/comments?post=51250"}],"version-history":[{"count":1,"href":"https:\/\/www.om-macau.org\/pt-pt\/wp-json\/wp\/v2\/pages\/51250\/revisions"}],"predecessor-version":[{"id":51251,"href":"https:\/\/www.om-macau.org\/pt-pt\/wp-json\/wp\/v2\/pages\/51250\/revisions\/51251"}],"wp:attachment":[{"href":"https:\/\/www.om-macau.org\/pt-pt\/wp-json\/wp\/v2\/media?parent=51250"}],"curies":[{"name":"wp","href":"https:\/\/api.w.org\/{rel}","templated":true}]}}