{"id":51214,"date":"2025-09-06T19:26:03","date_gmt":"2025-09-06T11:26:03","guid":{"rendered":"https:\/\/www.om-macau.org\/?page_id=51214"},"modified":"2025-09-06T19:26:03","modified_gmt":"2025-09-06T11:26:03","slug":"amalia-hall","status":"publish","type":"page","link":"https:\/\/www.om-macau.org\/pt-pt\/amalia-hall\/","title":{"rendered":"Co-Concertino Convidado Principal | Amalia Hall"},"content":{"rendered":"<p>[vc_row][vc_column][vc_single_image image=&#8221;51189&#8243; img_size=&#8221;large&#8221; alignment=&#8221;center&#8221;][vc_column_text]<\/p>\n<p style=\"text-align: justify;\"><span style=\"font-weight: 400; color: #ffffff;\">Reconhecida pela revista The Strad pelo seu \u201cbrilhantismo intuitivo e virtuosismo deslumbrante\u201d, a violinista neozelandesa Amalia Hall destaca-se por uma carreira diversificada como solista internacional, concertino da Orquestra de Wellington e violinista do NZTrio, considerado como \u201co ensemble mais indispens\u00e1vel da Nova Zel\u00e2ndia\u201d.<\/span><\/p>\n<p style=\"text-align: justify;\"><span style=\"font-weight: 400; color: #ffffff;\">Amalia \u00e9 vencedora de pr\u00e9mios de topo em cinco concursos internacionais, sendo tamb\u00e9m laureada em diversos outros, incluindo o Concurso Internacional Joseph Joachim e o Concurso Internacional Tchaikovsky para Jovens M\u00fasicos. \u00c9 diplomada pelo prestigiado Instituto de M\u00fasica Curtis, onde estudou com Pamela Frank e Joseph Silverstein.<\/span><\/p>\n<p style=\"text-align: justify;\"><span style=\"font-weight: 400; color: #ffffff;\">Desde a sua estreia a solo aos 9 anos com a Orquestra Filarm\u00f3nica de Auckland, Amalia apresentou-se como solista com I Virtuosi Italiani, United Strings of Europe, NDR Radiophilharmonie, Orquestra Sinf\u00f3nica Nacional do Usbequist\u00e3o, Orquestra Sinf\u00f3nica do Estado do M\u00e9xico, Orquestra Filarm\u00f3nica de Brno e Filarm\u00f3nica de Quer\u00e9taro.<\/span><\/p>\n<p style=\"text-align: justify;\"><span style=\"font-weight: 400; color: #ffffff;\">Em 2024, actuou como concertino convidada da Orchestre de la Suisse Romande, ao lado da solista Martha Argerich.<\/span><\/p>\n<p style=\"text-align: justify;\"><span style=\"font-weight: 400; color: #ffffff;\">Em 2025, os seus compromissos incluem o Concerto de Mendelssohn no Teatro Col\u00f3n com o maestro James Judd e a Orquestra Filarm\u00f3nica de Buenos Aires, bem como o 2.\u00ba Concerto de Bart\u00f3k com o maestro G\u00e1bor K\u00e1li e a Orquestra Sinf\u00f3nica da Nova Zel\u00e2ndia.<\/span><\/p>\n<p style=\"text-align: justify;\">\n<p>[\/vc_column_text][\/vc_column][\/vc_row]<\/p>\n","protected":false},"excerpt":{"rendered":"<p>[vc_row][vc_column][vc_single_image image=&#8221;51189&#8243; img_size=&#8221;large&#8221; alignment=&#8221;center&#8221;][vc_column_text] Reconhecida pela revista The Strad pelo seu \u201cbrilhantismo intuitivo e virtuosismo deslumbrante\u201d, a violinista neozelandesa Amalia &hellip; <a href=\"https:\/\/www.om-macau.org\/pt-pt\/amalia-hall\/\" class=\"more-link\">Continuar a ler<span class=\"screen-reader-text\"> &#8220;Co-Concertino Convidado Principal | Amalia Hall&#8221;<\/span><\/a><\/p>\n","protected":false},"author":2,"featured_media":0,"parent":0,"menu_order":0,"comment_status":"closed","ping_status":"closed","template":"page_general.php","meta":{"_acf_changed":false,"footnotes":""},"class_list":["post-51214","page","type-page","status-publish","hentry"],"acf":[],"_links":{"self":[{"href":"https:\/\/www.om-macau.org\/pt-pt\/wp-json\/wp\/v2\/pages\/51214","targetHints":{"allow":["GET"]}}],"collection":[{"href":"https:\/\/www.om-macau.org\/pt-pt\/wp-json\/wp\/v2\/pages"}],"about":[{"href":"https:\/\/www.om-macau.org\/pt-pt\/wp-json\/wp\/v2\/types\/page"}],"author":[{"embeddable":true,"href":"https:\/\/www.om-macau.org\/pt-pt\/wp-json\/wp\/v2\/users\/2"}],"replies":[{"embeddable":true,"href":"https:\/\/www.om-macau.org\/pt-pt\/wp-json\/wp\/v2\/comments?post=51214"}],"version-history":[{"count":1,"href":"https:\/\/www.om-macau.org\/pt-pt\/wp-json\/wp\/v2\/pages\/51214\/revisions"}],"predecessor-version":[{"id":51215,"href":"https:\/\/www.om-macau.org\/pt-pt\/wp-json\/wp\/v2\/pages\/51214\/revisions\/51215"}],"wp:attachment":[{"href":"https:\/\/www.om-macau.org\/pt-pt\/wp-json\/wp\/v2\/media?parent=51214"}],"curies":[{"name":"wp","href":"https:\/\/api.w.org\/{rel}","templated":true}]}}