{"id":30631,"date":"2023-04-26T15:51:56","date_gmt":"2023-04-26T07:51:56","guid":{"rendered":"https:\/\/www.om-macau.org\/?page_id=30631\/"},"modified":"2023-04-27T17:19:16","modified_gmt":"2023-04-27T09:19:16","slug":"maestro-principal-convidado-e-assessor-artistico","status":"publish","type":"page","link":"https:\/\/www.om-macau.org\/pt-pt\/maestro-principal-convidado-e-assessor-artistico\/","title":{"rendered":"Maestro Principal Convidado e Assessor Art\u00edstico"},"content":{"rendered":"<p>[vc_row][vc_column][vc_single_image image=&#8221;30603&#8243; img_size=&#8221;large&#8221; alignment=&#8221;center&#8221;][vc_column_text]Actual Maestro Principal Convidado e Assessor Art\u00edstico, Director de Programas do Festival Internacional de M\u00fasica de Macau e Maestro Residente da Orquestra Filarm\u00f3nica de Hong Kong, Lio foi elogiado pelo <em>Philadelphia Inquirer<\/em> como \u201cum talento de reg\u00eancia surpreendente\u201d. Lio ficou em 2\u00ba lugar no 3\u00ba Concurso Internacional de Reg\u00eancia Svetlanov em Paris, tendo conquistado o Pr\u00e9mio Popularidade e o Pr\u00e9mio de Orquestra e foi o primeiro chin\u00eas nomeado Maestro Assistente da Orquestra de Filad\u00e9lfia.<\/p>\n<p>Lio tem colaborado com \u00eaxito com muitas orquestras de topo em todo o mundo. Dentre as actua\u00e7\u00f5es ilustres mais recentes, destaca-se um concerto comemorativo, com a Orquestra Filarm\u00f3nica de Hong Kong, que contou com a presen\u00e7a do Presidente da Rep\u00fablica Popular da China, Xi Jinping. Lio foi o primeiro maestro chin\u00eas convidado para reger um concerto de assinatura com a Sinf\u00f3nica de Viena, tendo sido convidado pelo governo franc\u00eas para dirigir a primeira digress\u00e3o da Orquestra Nacional do Capit\u00f3lio de Toulouse pela Ar\u00e1bia Saudita. Lio actuou no Festival de M\u00fasica Pyeong Chang e regeu a Filarm\u00f3nica de Hong Kong no seu concerto de encerramento da temporada. Entre outras orquestras com que colaborou destacam-se a Sinf\u00f3nica de Detroit, a Filarm\u00f3nica da Radio France, a Filarm\u00f3nica de Marselha, a Filarm\u00f3nica de Seoul, a Orquestra da NHK, a Orquestra de Hiroshima, a Orquestra Metropolitana de T\u00f3quio, a Sinf\u00f3nica de Kyoto, a Orquestra Sinf\u00f3nica Nacional da R\u00fassia, a Filarm\u00f3nica de Moscovo, e a Orquestra Nacional da L\u00e1tvia, entre outras.<\/p>\n<p>&nbsp;<\/p>\n<p>Dentre os espect\u00e1culos de \u00f3pera que regeu, destacam-se <em>O Barbeiro de Sevilha<\/em>, <em>La Boh\u00e8me<\/em>, <em>O Elixir do Amor<\/em>, <em>Pagliacci, Turandot<\/em>, <em>Il Trovatore, Rigoletto, Madama Butterfly <\/em>e<em> Carmen<\/em>. Lio foi convidado por Valery Gergiev como maestro convidado do Teatro Mariinsky. Como pianista de concerto, colaborou com a Orquestra Mozarteum de Salzburgo e com a Sinf\u00f3nica de Fort Worth.<\/p>\n<p>&nbsp;<\/p>\n<p>Formado na Academia de Artes Performativas de Hong Kong, na Juilliard School, no Instituto de M\u00fasica Curtis e no Conservat\u00f3rio de Nova Inglaterra, Lio \u00e9 membro fundador e Presidente da Associa\u00e7\u00e3o de M\u00fasica de C\u00e2mara de Macau. Pelas suas contribui\u00e7\u00f5es para o desenvolvimento das artes e da cultura, Lio recebeu uma Comenda do governo de Hong Kong e a Medalha de M\u00e9rito Cultural do governo de Macau. Em 2021, Lio partilhou o pr\u00e9mio Dez Jovens Not\u00e1veis de Hong Kong. Em 2022, foi premiado como Artista do Ano (M\u00fasica) nos 16\u00ba Pr\u00e9mios de Desenvolvimento das Artes de Hong Kong.<\/p>\n<p>&nbsp;<\/p>\n<p style=\"text-align: center;\">\u201c&#8230;um talento de reg\u00eancia surpreendente.\u201d \u2013 <em>Philadelphia Inquirer<\/em><\/p>\n<p style=\"text-align: center;\">\u201c&#8230; abriu a noite do concerto e regeu a orquestra com gra\u00e7a e confian\u00e7a.\u201d \u2013 <em>The Chautauquan Daily<\/em><\/p>\n<p style=\"text-align: center;\">\u201c&#8230;belo sentido de controlo.\u201d \u2013 <em>Star Telegram<\/em><\/p>\n<p>[\/vc_column_text][\/vc_column][\/vc_row]<\/p>\n","protected":false},"excerpt":{"rendered":"<p>[vc_row][vc_column][vc_single_image image=&#8221;30603&#8243; img_size=&#8221;large&#8221; alignment=&#8221;center&#8221;][vc_column_text]Actual Maestro Principal Convidado e Assessor Art\u00edstico, Director de Programas do Festival Internacional de M\u00fasica de Macau &hellip; <a href=\"https:\/\/www.om-macau.org\/pt-pt\/maestro-principal-convidado-e-assessor-artistico\/\" class=\"more-link\">Continuar a ler<span class=\"screen-reader-text\"> &#8220;Maestro Principal Convidado e Assessor Art\u00edstico&#8221;<\/span><\/a><\/p>\n","protected":false},"author":3,"featured_media":0,"parent":0,"menu_order":0,"comment_status":"closed","ping_status":"closed","template":"page_general.php","meta":{"_acf_changed":false,"footnotes":""},"class_list":["post-30631","page","type-page","status-publish","hentry"],"acf":[],"_links":{"self":[{"href":"https:\/\/www.om-macau.org\/pt-pt\/wp-json\/wp\/v2\/pages\/30631","targetHints":{"allow":["GET"]}}],"collection":[{"href":"https:\/\/www.om-macau.org\/pt-pt\/wp-json\/wp\/v2\/pages"}],"about":[{"href":"https:\/\/www.om-macau.org\/pt-pt\/wp-json\/wp\/v2\/types\/page"}],"author":[{"embeddable":true,"href":"https:\/\/www.om-macau.org\/pt-pt\/wp-json\/wp\/v2\/users\/3"}],"replies":[{"embeddable":true,"href":"https:\/\/www.om-macau.org\/pt-pt\/wp-json\/wp\/v2\/comments?post=30631"}],"version-history":[{"count":2,"href":"https:\/\/www.om-macau.org\/pt-pt\/wp-json\/wp\/v2\/pages\/30631\/revisions"}],"predecessor-version":[{"id":30636,"href":"https:\/\/www.om-macau.org\/pt-pt\/wp-json\/wp\/v2\/pages\/30631\/revisions\/30636"}],"wp:attachment":[{"href":"https:\/\/www.om-macau.org\/pt-pt\/wp-json\/wp\/v2\/media?parent=30631"}],"curies":[{"name":"wp","href":"https:\/\/api.w.org\/{rel}","templated":true}]}}