{"id":2464,"date":"2023-07-30T15:00:03","date_gmt":"2023-07-30T07:00:03","guid":{"rendered":"https:\/\/www.om-macau.org\/pt-pt\/%e9%9f%b3%e6%a8%82%e7%b8%bd%e7%9b%a3%e5%85%bc%e9%a6%96%e5%b8%ad%e6%8c%87%e6%8f%ae%e7%9a%84%e8%a9%b1\/"},"modified":"2024-08-04T21:05:26","modified_gmt":"2024-08-04T13:05:26","slug":"director-musical-e-maestro-principal-lio-kuokman","status":"publish","type":"page","link":"https:\/\/www.om-macau.org\/pt-pt\/director-musical-e-maestro-principal-lio-kuokman\/","title":{"rendered":"Director Musical e Maestro Principal | Lio Kuokman"},"content":{"rendered":"<p>[vc_row][vc_column][vc_single_image image=&#8221;31711&#8243; img_size=&#8221;large&#8221; alignment=&#8221;center&#8221;][vc_column_text]<\/p>\n<p style=\"text-align: center;\"><span style=\"color: #ffffff;\">\u201c&#8230;um talento de reg\u00eancia surpreendente.\u201d \u2013 Philadelphia Inquirer<br \/>\n\u201c&#8230; abriu a noite do concerto e regeu a orquestra com gra\u00e7a e confian\u00e7a.\u201d \u2013 The Chautauquan Daily<br \/>\n\u201c&#8230;belo sentido de controlo.\u201d \u2013 Star Telegram<\/span><\/p>\n<p>&nbsp;<\/p>\n<p style=\"text-align: justify;\"><span style=\"color: #ffffff;\">O maestro Lio Kuokman, nascido em Macau, \u00e9 actualmente um dos maestros chineses mais vistos no palco internacional.<\/span><\/p>\n<p style=\"text-align: justify;\"><span style=\"color: #ffffff;\">Actual Director Musical e Maestro Principal da Orquestra de Macau, Director de Programas do Festival Internacional de M\u00fasica de Macau, Maestro Principal da Orquestra Sinf\u00f3nica do RTV Eslov\u00e9nia e Maestro Residente da Orquestra Filarm\u00f3nica de Hong Kong, Lio foi elogiado pelo Philadelphia Inquirer como \u201cum talento de reg\u00eancia surpreendente\u201d. Lio ficou em 2\u00ba lugar no 3\u00ba Concurso Internacional de Reg\u00eancia Svetlanov, em Paris, tendo conquistado o Pr\u00e9mio Popularidade e o Pr\u00e9mio de Orquestra e foi o primeiro regente chin\u00eas a ser nomeado Maestro Assistente da Orquestra de Filad\u00e9lfia.<br \/>\n<\/span><\/p>\n<p style=\"text-align: justify;\"><span style=\"color: #ffffff;\">Lio tem colaborado com \u00eaxito com muitas orquestras de topo em todo o mundo. Dentre as actua\u00e7\u00f5es ilustres mais recentes, destaca-se um concerto comemorativo, com a Orquestra Filarm\u00f3nica de Hong Kong, que contou com a presen\u00e7a do Presidente da Rep\u00fablica Popular da China, Xi Jinping. Lio foi o primeiro maestro chin\u00eas convidado para reger um concerto de assinatura com a Sinf\u00f3nica de Viena, tendo sido convidado pelo governo franc\u00eas para dirigir a primeira digress\u00e3o da Orquestra Nacional do Capit\u00f3lio de Toulouse pela Ar\u00e1bia Saudita. Lio actuou no Festival de M\u00fasica Pyeong Chang e regeu a Filarm\u00f3nica de Hong Kong no seu concerto de encerramento da temporada. Entre outras orquestras com que colaborou destacam-se a Sinf\u00f3nica de Detroit, a Filarm\u00f3nica da Radio France, a Filarm\u00f3nica de Marselha, a Filarm\u00f3nica de Seoul, a Orquestra da NHK, a Orquestra de Hiroshima, a Orquestra Metropolitana de T\u00f3quio, a Sinf\u00f3nica de Kyoto, a Orquestra Sinf\u00f3nica Nacional da R\u00fassia, a Filarm\u00f3nica de Moscovo, e a Orquestra Nacional da L\u00e1tvia, entre outras.<\/span><\/p>\n<p style=\"text-align: justify;\"><span style=\"color: #ffffff;\">Lio Kuokman recebeu in\u00fameros pr\u00eamios, incluindo ser selecionado como um dos dez jovens de destaque de Hong Kong em 2021; e ser premiado com o &#8220;Pr\u00eamio de Artista do Ano&#8221; pelo Conselho de Desenvolvimento de Artes de Hong Kong em 2022. Em reconhecimento das suas realiza\u00e7\u00f5es na cultura e na arte, Liao Guomin foi galardoado com a Medalha de M\u00e9rito Cultural pelo Governo da RAE de Macau e nomeado Juiz de Paz pelo Governo da RAE de Hong Kong.<\/span><\/p>\n<p style=\"text-align: justify;\"><span style=\"color: #ffffff;\">Lio recebeu uma Comenda do governo de Hong Kong e a Medalha de M\u00e9rito Cultural do governo de Macau. Em 2021, Lio partilhou o pr\u00e9mio Dez Jovens Not\u00e1veis de Hong Kong. Em 2022, foi premiado como Artista do Ano (M\u00fasica) nos 16\u00ba Pr\u00e9mios de Desenvolvimento das Artes de Hong Kong. Em reconhecimento \u00e0s suas realiza\u00e7\u00f5es em cultura e arte, LIO recebeu o pr\u00eamio Medalha de M\u00e9rito Cultural pelo Governo da RAE de Macau e nomeado Juiz de Paz pelo Governo da RAE de Hong Kong. Formado na Academia de Artes Performativas de Hong Kong, na Juilliard School, no Instituto de M\u00fasica Curtis e no Conservat\u00f3rio de Nova Inglaterra Conservatory..<\/span><\/p>\n<p>[\/vc_column_text][\/vc_column][\/vc_row]<\/p>\n","protected":false},"excerpt":{"rendered":"<p>[vc_row][vc_column][vc_single_image image=&#8221;31711&#8243; img_size=&#8221;large&#8221; alignment=&#8221;center&#8221;][vc_column_text] \u201c&#8230;um talento de reg\u00eancia surpreendente.\u201d \u2013 Philadelphia Inquirer \u201c&#8230; abriu a noite do concerto e regeu &hellip; <a href=\"https:\/\/www.om-macau.org\/pt-pt\/director-musical-e-maestro-principal-lio-kuokman\/\" class=\"more-link\">Continuar a ler<span class=\"screen-reader-text\"> &#8220;Director Musical e Maestro Principal | Lio Kuokman&#8221;<\/span><\/a><\/p>\n","protected":false},"author":2,"featured_media":0,"parent":0,"menu_order":0,"comment_status":"closed","ping_status":"closed","template":"page_general.php","meta":{"_acf_changed":false,"footnotes":""},"class_list":["post-2464","page","type-page","status-publish","hentry"],"acf":[],"_links":{"self":[{"href":"https:\/\/www.om-macau.org\/pt-pt\/wp-json\/wp\/v2\/pages\/2464","targetHints":{"allow":["GET"]}}],"collection":[{"href":"https:\/\/www.om-macau.org\/pt-pt\/wp-json\/wp\/v2\/pages"}],"about":[{"href":"https:\/\/www.om-macau.org\/pt-pt\/wp-json\/wp\/v2\/types\/page"}],"author":[{"embeddable":true,"href":"https:\/\/www.om-macau.org\/pt-pt\/wp-json\/wp\/v2\/users\/2"}],"replies":[{"embeddable":true,"href":"https:\/\/www.om-macau.org\/pt-pt\/wp-json\/wp\/v2\/comments?post=2464"}],"version-history":[{"count":11,"href":"https:\/\/www.om-macau.org\/pt-pt\/wp-json\/wp\/v2\/pages\/2464\/revisions"}],"predecessor-version":[{"id":33940,"href":"https:\/\/www.om-macau.org\/pt-pt\/wp-json\/wp\/v2\/pages\/2464\/revisions\/33940"}],"wp:attachment":[{"href":"https:\/\/www.om-macau.org\/pt-pt\/wp-json\/wp\/v2\/media?parent=2464"}],"curies":[{"name":"wp","href":"https:\/\/api.w.org\/{rel}","templated":true}]}}