{"id":24197,"date":"2021-07-16T14:57:29","date_gmt":"2021-07-16T06:57:29","guid":{"rendered":"https:\/\/www.om-macau.org\/?page_id=24197\/"},"modified":"2023-03-27T09:53:34","modified_gmt":"2023-03-27T01:53:34","slug":"amigos-da-om","status":"publish","type":"page","link":"https:\/\/www.om-macau.org\/pt-pt\/amigos-da-om\/","title":{"rendered":"Amigos da OM"},"content":{"rendered":"<p>[vc_row 0=&#8221;&#8221;][vc_column 0=&#8221;&#8221;]\n<div class=\"wpcf7 no-js\" id=\"wpcf7-f2203-o1\" lang=\"en-US\" dir=\"ltr\">\n<div class=\"screen-reader-response\"><p role=\"status\" aria-live=\"polite\" aria-atomic=\"true\"><\/p> <ul><\/ul><\/div>\n<form action=\"\/pt-pt\/wp-json\/wp\/v2\/pages\/24197#wpcf7-f2203-o1\" method=\"post\" class=\"wpcf7-form init\" aria-label=\"Contact form\" novalidate=\"novalidate\" data-status=\"init\">\n<div style=\"display: none;\">\n<input type=\"hidden\" name=\"_wpcf7\" value=\"2203\" \/>\n<input type=\"hidden\" name=\"_wpcf7_version\" value=\"5.9.8\" \/>\n<input type=\"hidden\" name=\"_wpcf7_locale\" value=\"en_US\" \/>\n<input type=\"hidden\" name=\"_wpcf7_unit_tag\" value=\"wpcf7-f2203-o1\" \/>\n<input type=\"hidden\" name=\"_wpcf7_container_post\" value=\"0\" \/>\n<input type=\"hidden\" name=\"_wpcf7_posted_data_hash\" value=\"\" \/>\n<input type=\"hidden\" name=\"_wpcf7_recaptcha_response\" value=\"\" \/>\n<\/div>\n<h3 class=\"gold\">Dados Pessoais\n<\/h3>\n<div class=\"row\">\n\t<div class=\"col-xs-12 col-sm-6 mar-b20\">\n\t\t<div class=\"form-group\">\n\t\t\t<p><label>Apelido <span class=\"red\">*<\/span><\/label><br \/>\n<span class=\"wpcf7-form-control-wrap\" data-name=\"lastname\"><input size=\"40\" maxlength=\"400\" class=\"wpcf7-form-control wpcf7-text wpcf7-validates-as-required form-control greybg\" aria-required=\"true\" aria-invalid=\"false\" value=\"\" type=\"text\" name=\"lastname\" \/><\/span>\n\t\t\t<\/p>\n\t\t<\/div>\n\t<\/div>\n\t<div class=\"col-xs-12 col-sm-6 mar-b20\">\n\t\t<div class=\"form-group\">\n\t\t\t<p><label>Nome <span class=\"red\">*<\/span><\/label><br \/>\n<span class=\"wpcf7-form-control-wrap\" data-name=\"firstname\"><input size=\"40\" maxlength=\"400\" class=\"wpcf7-form-control wpcf7-text wpcf7-validates-as-required form-control greybg\" aria-required=\"true\" aria-invalid=\"false\" value=\"\" type=\"text\" name=\"firstname\" \/><\/span>\n\t\t\t<\/p>\n\t\t<\/div>\n\t<\/div>\n<\/div>\n<div class=\"row\">\n\t<div class=\"col-xs-12 col-sm-6 mar-b20 form-line\">\n\t\t<div class=\"form-group\">\n\t\t\t<p><label>Sexo <span class=\"red\">*<\/span><\/label><br \/>\n<span class=\"wpcf7-form-control-wrap\" data-name=\"sex\"><span class=\"wpcf7-form-control wpcf7-radio\"><span class=\"wpcf7-list-item first\"><label><input type=\"radio\" name=\"sex\" value=\"M\" checked=\"checked\" \/><span class=\"wpcf7-list-item-label\">M<\/span><\/label><\/span><span class=\"wpcf7-list-item last\"><label><input type=\"radio\" name=\"sex\" value=\"F\" \/><span class=\"wpcf7-list-item-label\">F<\/span><\/label><\/span><\/span><\/span>\n\t\t\t<\/p>\n\t\t<\/div>\n\t<\/div>\n\t<div class=\"col-xs-12 col-sm-6 mar-b20\">\n\t\t<div class=\"form-group\">\n\t\t\t<p><label>Data de Nascimento <span class=\"red\">*<\/span><\/label>\n\t\t\t<\/p>\n\t\t\t<div class=\"row\">\n\t\t\t\t<div class=\"col-xs-4\">\n\t\t\t\t\t<p>Ano<span class=\"wpcf7-form-control-wrap\" data-name=\"birth-year\"><select class=\"wpcf7-form-control wpcf7-select form-control greybg\" aria-invalid=\"false\" name=\"birth-year\"><option value=\"2016\">2016<\/option><option value=\"2015\">2015<\/option><option value=\"2014\">2014<\/option><option value=\"2013\">2013<\/option><option value=\"2012\">2012<\/option><option value=\"2011\">2011<\/option><option value=\"2010\">2010<\/option><option value=\"2009\">2009<\/option><option value=\"2008\">2008<\/option><option value=\"2007\">2007<\/option><option value=\"2006\">2006<\/option><option value=\"2005\">2005<\/option><option value=\"2004\">2004<\/option><option value=\"2003\">2003<\/option><option value=\"2002\">2002<\/option><option value=\"2001\">2001<\/option><option value=\"2000\">2000<\/option><option value=\"1999\">1999<\/option><option value=\"1998\">1998<\/option><option value=\"1997\">1997<\/option><option value=\"1996\">1996<\/option><option value=\"1995\">1995<\/option><option value=\"1994\">1994<\/option><option value=\"1993\">1993<\/option><option value=\"1992\">1992<\/option><option value=\"1991\">1991<\/option><option value=\"1990\">1990<\/option><option value=\"1989\">1989<\/option><option value=\"1988\">1988<\/option><option value=\"1987\">1987<\/option><option value=\"1986\">1986<\/option><option value=\"1985\">1985<\/option><option value=\"1984\">1984<\/option><option value=\"1983\">1983<\/option><option value=\"1982\">1982<\/option><option value=\"1981\">1981<\/option><option value=\"1980\">1980<\/option><option value=\"1979\">1979<\/option><option value=\"1978\">1978<\/option><option value=\"1977\">1977<\/option><option value=\"1976\">1976<\/option><option value=\"1975\">1975<\/option><option value=\"1974\">1974<\/option><option value=\"1973\">1973<\/option><option value=\"1972\">1972<\/option><option value=\"1971\">1971<\/option><option value=\"1970\">1970<\/option><option value=\"1969\">1969<\/option><option value=\"1968\">1968<\/option><option value=\"1967\">1967<\/option><option value=\"1966\">1966<\/option><option value=\"1965\">1965<\/option><option value=\"1964\">1964<\/option><option value=\"1963\">1963<\/option><option value=\"1962\">1962<\/option><option value=\"1961\">1961<\/option><option value=\"1960\">1960<\/option><option value=\"1959\">1959<\/option><option value=\"1958\">1958<\/option><option value=\"1957\">1957<\/option><option value=\"1956\">1956<\/option><option value=\"1955\">1955<\/option><option value=\"1954\">1954<\/option><option value=\"1953\">1953<\/option><option value=\"1952\">1952<\/option><option value=\"1951\">1951<\/option><option value=\"1950\">1950<\/option><option value=\"1949\">1949<\/option><option value=\"1948\">1948<\/option><option value=\"1947\">1947<\/option><option value=\"1946\">1946<\/option><option value=\"1945\">1945<\/option><option value=\"1944\">1944<\/option><option value=\"1943\">1943<\/option><option value=\"1942\">1942<\/option><option value=\"1941\">1941<\/option><option value=\"1940\">1940<\/option><option value=\"1939\">1939<\/option><option value=\"1938\">1938<\/option><option value=\"1937\">1937<\/option><option value=\"1936\">1936<\/option><option value=\"1935\">1935<\/option><option value=\"1934\">1934<\/option><option value=\"1933\">1933<\/option><option value=\"1932\">1932<\/option><option value=\"1931\">1931<\/option><option value=\"1930\">1930<\/option><option value=\"1929\">1929<\/option><option value=\"1928\">1928<\/option><option value=\"1927\">1927<\/option><option value=\"1926\">1926<\/option><option value=\"1925\">1925<\/option><option value=\"1924\">1924<\/option><option value=\"1923\">1923<\/option><option value=\"1922\">1922<\/option><option value=\"1921\">1921<\/option><option value=\"1920\">1920<\/option><option value=\"1919\">1919<\/option><option value=\"1918\">1918<\/option><option value=\"1917\">1917<\/option><\/select><\/span>\n\t\t\t\t\t<\/p>\n\t\t\t\t<\/div>\n\t\t\t\t<div class=\"col-xs-4\">\n\t\t\t\t\t<p>M\u00eas<span class=\"wpcf7-form-control-wrap\" data-name=\"birth-month\"><select class=\"wpcf7-form-control wpcf7-select form-control greybg\" aria-invalid=\"false\" name=\"birth-month\"><option value=\"1\">1<\/option><option value=\"2\">2<\/option><option value=\"3\">3<\/option><option value=\"4\">4<\/option><option value=\"5\">5<\/option><option value=\"6\">6<\/option><option value=\"7\">7<\/option><option value=\"8\">8<\/option><option value=\"9\">9<\/option><option value=\"10\">10<\/option><option value=\"11\">11<\/option><option value=\"12\">12<\/option><\/select><\/span>\n\t\t\t\t\t<\/p>\n\t\t\t\t<\/div>\n\t\t\t\t<div class=\"col-xs-4\">\n\t\t\t\t\t<p>Data<span class=\"wpcf7-form-control-wrap\" data-name=\"birth-day\"><select class=\"wpcf7-form-control wpcf7-select form-control greybg\" aria-invalid=\"false\" name=\"birth-day\"><option value=\"1\">1<\/option><option value=\"2\">2<\/option><option value=\"3\">3<\/option><option value=\"4\">4<\/option><option value=\"5\">5<\/option><option value=\"6\">6<\/option><option value=\"7\">7<\/option><option value=\"8\">8<\/option><option value=\"9\">9<\/option><option value=\"10\">10<\/option><option value=\"11\">11<\/option><option value=\"12\">12<\/option><option value=\"13\">13<\/option><option value=\"14\">14<\/option><option value=\"15\">15<\/option><option value=\"16\">16<\/option><option value=\"17\">17<\/option><option value=\"18\">18<\/option><option value=\"19\">19<\/option><option value=\"20\">20<\/option><option value=\"21\">21<\/option><option value=\"22\">22<\/option><option value=\"23\">23<\/option><option value=\"24\">24<\/option><option value=\"25\">25<\/option><option value=\"26\">26<\/option><option value=\"27\">27<\/option><option value=\"28\">28<\/option><option value=\"29\">29<\/option><option value=\"30\">30<\/option><option value=\"31\">31<\/option><\/select><\/span>\n\t\t\t\t\t<\/p>\n\t\t\t\t<\/div>\n\t\t\t<\/div>\n\t\t<\/div>\n\t<\/div>\n<\/div>\n<hr \/>\n<h3 class=\"gold\">Contactos\n<\/h3>\n<div class=\"row\">\n\t<div class=\"col-xs-12 mar-b20\">\n\t\t<div class=\"form-group\">\n\t\t\t<p><label>Endere\u00e7o <span class=\"red\">*<\/span><\/label><br \/>\n<span class=\"wpcf7-form-control-wrap\" data-name=\"address\"><input size=\"40\" maxlength=\"400\" class=\"wpcf7-form-control wpcf7-text wpcf7-validates-as-required form-control greybg\" aria-required=\"true\" aria-invalid=\"false\" value=\"\" type=\"text\" name=\"address\" \/><\/span>\n\t\t\t<\/p>\n\t\t<\/div>\n\t<\/div>\n\t<div class=\"col-xs-12 col-sm-6 mar-b20\">\n\t\t<div class=\"form-group\">\n\t\t\t<p><label>Telefone<\/label><br \/>\n<span class=\"wpcf7-form-control-wrap\" data-name=\"phone\"><input size=\"40\" maxlength=\"400\" class=\"wpcf7-form-control wpcf7-text form-control greybg\" aria-invalid=\"false\" value=\"\" type=\"text\" name=\"phone\" \/><\/span>\n\t\t\t<\/p>\n\t\t<\/div>\n\t<\/div>\n\t<div class=\"col-xs-12 col-sm-6 mar-b20\">\n\t\t<div class=\"form-group\">\n\t\t\t<p><label>Telem\u00f3vel <span class=\"red\">*<\/span><\/label><br \/>\n<span class=\"wpcf7-form-control-wrap\" data-name=\"mobile\"><input size=\"40\" maxlength=\"400\" class=\"wpcf7-form-control wpcf7-text wpcf7-validates-as-required form-control greybg\" aria-required=\"true\" aria-invalid=\"false\" value=\"\" type=\"text\" name=\"mobile\" \/><\/span>\n\t\t\t<\/p>\n\t\t<\/div>\n\t<\/div>\n<\/div>\n<div class=\"row\">\n\t<div class=\"col-xs-12 col-sm-6 mar-b20\">\n\t\t<div class=\"form-group\">\n\t\t\t<p><label>Endere\u00e7o de email <span class=\"red\">*<\/span><\/label><br \/>\n<span class=\"wpcf7-form-control-wrap\" data-name=\"email-1\"><input size=\"40\" maxlength=\"400\" class=\"wpcf7-form-control wpcf7-email wpcf7-validates-as-required wpcf7-text wpcf7-validates-as-email form-control greybg\" aria-required=\"true\" aria-invalid=\"false\" value=\"\" type=\"email\" name=\"email-1\" \/><\/span>\n\t\t\t<\/p>\n\t\t<\/div>\n\t<\/div>\n<\/div>\n<hr \/>\n<div class=\"row\">\n\t<div class=\"col-xs-12 mar-b20\">\n\t\t<div class=\"form-group\">\n\t\t\t<p><label>Gostaria de receber o Boletim Informativo<\/label><br \/>\n[checkbox info \"Via email\" \"Por SMS\" \"Pelo correio \"Wechat\"]\n\t\t\t<\/p>\n\t\t<\/div>\n\t<\/div>\n<\/div>\n<div class=\"row\" id=\"wcid\">\n\t<div class=\"col-xs-12 mar-b20\">\n\t\t<div class=\"form-group\">\n\t\t\t<p>Wechat ID <span class=\"wpcf7-form-control-wrap\" data-name=\"wechatid\"><input size=\"40\" maxlength=\"400\" class=\"wpcf7-form-control wpcf7-text form-control greybg\" aria-invalid=\"false\" value=\"\" type=\"text\" name=\"wechatid\" \/><\/span>\n\t\t\t<\/p>\n\t\t<\/div>\n\t<\/div>\n<\/div>\n<div class=\"row\">\n\t<div class=\"col-xs-12 mar-b20\">\n\t\t<div class=\"form-group\">\n\t\t\t<p><label>Idioma <span class=\"red\">*<\/span><\/label><br \/>\n<span class=\"wpcf7-form-control-wrap\" data-name=\"lang\"><span class=\"wpcf7-form-control wpcf7-radio\"><span class=\"wpcf7-list-item first\"><label><input type=\"radio\" name=\"lang\" value=\"\u4e2d\u6587\" checked=\"checked\" \/><span class=\"wpcf7-list-item-label\">\u4e2d\u6587<\/span><\/label><\/span><span class=\"wpcf7-list-item\"><label><input type=\"radio\" name=\"lang\" value=\"Portugu\u00eas\" \/><span class=\"wpcf7-list-item-label\">Portugu\u00eas<\/span><\/label><\/span><span class=\"wpcf7-list-item last\"><label><input type=\"radio\" name=\"lang\" value=\"English\" \/><span class=\"wpcf7-list-item-label\">English<\/span><\/label><\/span><\/span><\/span>\n\t\t\t<\/p>\n\t\t<\/div>\n\t<\/div>\n<\/div>\n<div class=\"row\">\n\t<div class=\"col-xs-6 col-sm-2\">\n\t\t<p><em>To use CAPTCHA, you need <a href=\"https:\/\/wordpress.org\/plugins\/really-simple-captcha\/\">Really Simple CAPTCHA<\/a> plugin installed.<\/em>\n\t\t<\/p>\n\t<\/div>\n\t<div class=\"col-xs-6 col-sm-2\">\n\t\t<p><span class=\"wpcf7-form-control-wrap\" data-name=\"captcha-331\"><input size=\"40\" class=\"wpcf7-form-control wpcf7-captchar form-control goldbg\" autocomplete=\"off\" aria-invalid=\"false\" value=\"\" type=\"text\" name=\"captcha-331\" \/><\/span>\n\t\t<\/p>\n\t<\/div>\n<\/div>\n<div class=\"row\">\n\t<div class=\"col-xs-12 text-center\">\n\t\t<p><input class=\"wpcf7-form-control wpcf7-submit has-spinner btn btn-primary custom-btn\" type=\"submit\" value=\"Enviar\" \/>\n\t\t<\/p>\n\t<\/div>\n<\/div><div class=\"wpcf7-response-output\" aria-hidden=\"true\"><\/div>\n<\/form>\n<\/div>\n[\/vc_column][\/vc_row][vc_row][vc_column][vc_column_text][\/vc_column_text][\/vc_column][\/vc_row][vc_row content_placement=&#8221;middle&#8221;][vc_column][vc_separator style=&#8221;shadow&#8221; border_width=&#8221;2&#8243;][\/vc_column][\/vc_row][vc_row][vc_column][vc_column_text]<\/p>\n<h3><strong>Exclusivo para os Amigos da OM<\/strong><\/h3>\n<p>[\/vc_column_text][\/vc_column][\/vc_row][vc_row content_placement=&#8221;middle&#8221;][vc_column width=&#8221;1\/6&#8243;][vc_icon icon_fontawesome=&#8221;fa fa-comments-o&#8221; color=&#8221;custom&#8221; background_style=&#8221;rounded&#8221; align=&#8221;center&#8221; custom_color=&#8221;#d1ae6d&#8221;][\/vc_column][vc_column width=&#8221;5\/6&#8243;][vc_column_text]<\/p>\n<h5><strong>Conhe\u00e7a Os Artistas<\/strong><\/h5>\n<p style=\"text-align: justify;\">A Orquestra de Macau organiza regularmente actividades que o\/a aproximam dos seus m\u00fasicos favoritos, como sess\u00f5es para conhecer os artistas e ensaios abertos ao p\u00fablico.<\/p>\n<p>[\/vc_column_text][\/vc_column][\/vc_row][vc_row content_placement=&#8221;middle&#8221;][vc_column width=&#8221;1\/6&#8243;][vc_icon icon_fontawesome=&#8221;fa fa-music&#8221; color=&#8221;custom&#8221; background_style=&#8221;rounded&#8221; align=&#8221;center&#8221; custom_color=&#8221;#d1ae6d&#8221;][\/vc_column][vc_column width=&#8221;5\/6&#8243;][vc_column_text]<\/p>\n<h5><strong>Descontos<\/strong><\/h5>\n<p>Desconto de 30% na compra de bilhetes.<\/p>\n<p style=\"text-align: justify;\">* Excluindo concertos da Orquestra de Macau integrados no Festival Internacional de M\u00fasica de Macau e no Festival de Artes de Macau.<\/p>\n<p>[\/vc_column_text][\/vc_column][\/vc_row][vc_row content_placement=&#8221;middle&#8221;][vc_column width=&#8221;1\/6&#8243;][vc_icon icon_fontawesome=&#8221;fa fa-glass&#8221; color=&#8221;custom&#8221; background_style=&#8221;rounded&#8221; align=&#8221;center&#8221; custom_color=&#8221;#d1ae6d&#8221;][\/vc_column][vc_column width=&#8221;5\/6&#8243;][vc_column_text]<\/p>\n<h5><strong>Oferta Mandarin Oriental, Macau<\/strong><\/h5>\n<p style=\"text-align: justify;\">A partir de hoje e at\u00e9 31 de Julho de 2022, os portadores do Cart\u00e3o de Amigo da OM beneficiar\u00e3o de um desconto de 15% em restaurantes do Mandarin oriental, Macau (Vida Rica Restaurant, Vida Rica Bar, Lobby Lounge e Mandarin Cake Shop).<\/p>\n<p style=\"text-align: justify;\">*Esta oferta n\u00e3o \u00e9 v\u00e1lida em dias feriados e n\u00e3o pode ser usada em combina\u00e7\u00e3o com outros descontos.<\/p>\n<p style=\"text-align: justify;\">*A Orquestra de Macau e o Mandarin Oriental, Macau reservam-se o direito de interpreta\u00e7\u00e3o e decis\u00e3o final relativa aos termos e condi\u00e7\u00f5es em caso de lit\u00edgio.<\/p>\n<p>[\/vc_column_text][\/vc_column][\/vc_row][vc_row content_placement=&#8221;middle&#8221;][vc_column width=&#8221;1\/6&#8243;][vc_icon icon_fontawesome=&#8221;fa fa-headphones&#8221; color=&#8221;custom&#8221; background_style=&#8221;rounded&#8221; align=&#8221;center&#8221; custom_color=&#8221;#d1ae6d&#8221;][\/vc_column][vc_column width=&#8221;5\/6&#8243;][vc_column_text]<\/p>\n<h5><strong>Prioridade<\/strong><\/h5>\n<p style=\"text-align: justify;\">Os Amigos da OM t\u00eam prioridade de bilhetes nos concertos de entrada livre, n\u00e3o tendo assim necessidade de fazer fila nos locais dos concertos.<\/p>\n<p>[\/vc_column_text][\/vc_column][\/vc_row]<\/p>\n","protected":false},"excerpt":{"rendered":"<p>[vc_row 0=&#8221;&#8221;][vc_column 0=&#8221;&#8221;][\/vc_column][\/vc_row][vc_row][vc_column][vc_column_text][\/vc_column_text][\/vc_column][\/vc_row][vc_row content_placement=&#8221;middle&#8221;][vc_column][vc_separator style=&#8221;shadow&#8221; border_width=&#8221;2&#8243;][\/vc_column][\/vc_row][vc_row][vc_column][vc_column_text] Exclusivo para os Amigos da OM [\/vc_column_text][\/vc_column][\/vc_row][vc_row content_placement=&#8221;middle&#8221;][vc_column width=&#8221;1\/6&#8243;][vc_icon icon_fontawesome=&#8221;fa fa-comments-o&#8221; color=&#8221;custom&#8221; background_style=&#8221;rounded&#8221; align=&#8221;center&#8221; &hellip; <a href=\"https:\/\/www.om-macau.org\/pt-pt\/amigos-da-om\/\" class=\"more-link\">Continuar a ler<span class=\"screen-reader-text\"> &#8220;Amigos da OM&#8221;<\/span><\/a><\/p>\n","protected":false},"author":1,"featured_media":0,"parent":0,"menu_order":0,"comment_status":"closed","ping_status":"closed","template":"page_with_sidebar.php","meta":{"_acf_changed":false,"footnotes":""},"class_list":["post-24197","page","type-page","status-publish","hentry"],"acf":[],"_links":{"self":[{"href":"https:\/\/www.om-macau.org\/pt-pt\/wp-json\/wp\/v2\/pages\/24197","targetHints":{"allow":["GET"]}}],"collection":[{"href":"https:\/\/www.om-macau.org\/pt-pt\/wp-json\/wp\/v2\/pages"}],"about":[{"href":"https:\/\/www.om-macau.org\/pt-pt\/wp-json\/wp\/v2\/types\/page"}],"author":[{"embeddable":true,"href":"https:\/\/www.om-macau.org\/pt-pt\/wp-json\/wp\/v2\/users\/1"}],"replies":[{"embeddable":true,"href":"https:\/\/www.om-macau.org\/pt-pt\/wp-json\/wp\/v2\/comments?post=24197"}],"version-history":[{"count":4,"href":"https:\/\/www.om-macau.org\/pt-pt\/wp-json\/wp\/v2\/pages\/24197\/revisions"}],"predecessor-version":[{"id":30438,"href":"https:\/\/www.om-macau.org\/pt-pt\/wp-json\/wp\/v2\/pages\/24197\/revisions\/30438"}],"wp:attachment":[{"href":"https:\/\/www.om-macau.org\/pt-pt\/wp-json\/wp\/v2\/media?parent=24197"}],"curies":[{"name":"wp","href":"https:\/\/api.w.org\/{rel}","templated":true}]}}