{"id":24176,"date":"2021-07-15T18:23:52","date_gmt":"2021-07-15T10:23:52","guid":{"rendered":"https:\/\/www.om-macau.org\/discounts-and-offers-for-the-macao-orchestra-2021-22-season\/"},"modified":"2022-09-22T12:22:53","modified_gmt":"2022-09-22T04:22:53","slug":"descontos-e-ofertas-para-a-temporada-da-orquestra-de-macau-2022-23","status":"publish","type":"page","link":"https:\/\/www.om-macau.org\/pt-pt\/descontos-e-ofertas-para-a-temporada-da-orquestra-de-macau-2022-23\/","title":{"rendered":"Descontos e ofertas para a temporada da Orquestra de Macau 2022-23"},"content":{"rendered":"<p>[vc_row][vc_column][vc_column_text]Os bilhetes para o \u201cConcerto de Abertura da Temporada 2021-22\u2013 Ning Feng encontra Brahms\u201d, \u201cDi\u00e1logo de Trio de Piano\u201d, \u201cComemora\u00e7\u00e3o do 110\u00ba anivers\u00e1rio da estreia da obra de Mahler:<br \/>\nA Can\u00e7\u00e3o da Terra \u2013 Orquestra de Macau e Orquestra Filarm\u00f3nica de Xangai\u201d, \u201cConcerto de Natal &#8211; Fantasia de Inverno\u201d e \u201cEstrelas em Viena &#8211; Concerto de Ano Novo\u201d, estarao a venda a partir das 10 horas do dia 31 de Julho de 2021 na Bilheteira Online de Macau. A data de venda de bilhetes para outros espectaculos sera anunciada oportunamente. Por favor mantenha-se a par atraves do site oficial da Orquestra de Macau ou da Bilheteira Online de Macau.<br \/>\n[\/vc_column_text][vc_column_text]<\/p>\n<h3><span style=\"color: #ffffff;\">Desconto de \u00e9poca: <\/span> <span style=\"color: #d1ae6d;\">^<\/span><\/h3>\n<p>[\/vc_column_text][\/vc_column][\/vc_row][vc_row][vc_column][vc_column_text]<\/p>\n<ul>\n<li>Desconto de 40% em qualquer bilhete nos primeiros 10 dias ap\u00f3s abertura da bilheteira<\/li>\n<li>30% de desconto em qualquer compra de 4 ou mais bilhetes de \u201cConfraternizando com a Alegria Musical\u201d<\/li>\n<li>30% de desconto em qualquer numero de bilhetes comprados pelos \u201cAmigos da OM\u201d, \u201cAmigos do MAM\u201d, \u201cAmigos do CCM\u201d e \u201cAmigos da Orquestra de Macau\u201d<\/li>\n<\/ul>\n<p>[\/vc_column_text][\/vc_column][\/vc_row][vc_row][vc_column][vc_column_text]<\/p>\n<h5><span style=\"color: #d1ae6d;\">Troca por bilhetes para a &#8220;Gala e Encontro Anual&#8221;<\/span><\/h5>\n<p>At\u00e9 a data de 2021\/9\/6, os &#8220;Amigos da OM&#8221; podem trocar 400 pontos musicais por dois bilhetes (enquanto durarem os estoques) do &#8220;Confraternizando com a Alegria Musical \u2013 Gala e Encontro Anual&#8221; nos pontos de venda da Rede de Bilhetes de Macau.[\/vc_column_text][vc_column_text]<\/p>\n<h5><span style=\"color: #d1ae6d;\">Desconto &#8220;Viagem de C\u00e2mara&#8221;<\/span><\/h5>\n<ul>\n<li>Desconto de 40% na compra de 4 ou mais bilhetes da s\u00e9rie &#8220;Viagem de C\u00e2mara&#8221;<\/li>\n<\/ul>\n<p>[\/vc_column_text][vc_column_text]<\/p>\n<h5><span style=\"color: #d1ae6d;\">Oferta exclusiva para titulares de cart\u00f5es do BOC<\/span><\/h5>\n<p>Os titulares de um cart\u00e3o de cr\u00e9dito BOC# ou cart\u00e3o de d\u00e9bito BOC podem obter 30% de desconto na compra de qualquer n\u00famero de bilhetes para programas especiais como \u201cConcerto de Abertura da Temporada 2021-22\u2013 Ning Feng encontra Brahms\u201d, \u201cViena Estrelada \u2013 Concerto de Ano Novo\u201d, \u201cConcerto do Dia dos Namorados \u2013 Celebrando o Amor\u201d e \u201cConcerto de Encerramento da Temporada 2021-22 \u2013 \u00d3peras de Verdi\u201d.[\/vc_column_text][\/vc_column][\/vc_row][vc_row][vc_column][vc_column_text]<\/p>\n<h5><span style=\"color: #d1ae6d;\">20% desconto para:<\/span><\/h5>\n<ul>\n<li>Titulares de cart\u00e3o de professor de Macau v\u00e1lido *<\/li>\n<li>Titulares de cart\u00f5es de cr\u00e9dito BOC ou cart\u00f5es BOC que adquiram qualquer n\u00famero de bilhetes para programas n\u00e3o especiais<\/li>\n<li>Titulares de cart\u00f5es MasterCard \/ VISA \/ UnionPay do Banco BCM, Banco OCBC Wing Hang, Banco Tai Fung, Banco Luso ou Banco BNU que adquiram qualquer n\u00famero de bilhetes<\/li>\n<li>Portadores do cart\u00e3o de embarque da Air Macau (c\u00f3digo de voo NX) com destino identificado como Macau (MFM), no prazo de 7 dias ap\u00f3s a chegada, adquirindo qualquer n\u00famero de passagens pela Rede de Bilhetes de Macau.<\/li>\n<\/ul>\n<p>[\/vc_column_text][\/vc_column][\/vc_row][vc_row][vc_column][vc_column_text]<\/p>\n<h5><span style=\"color: #d1ae6d;\">50% desconto para:<\/span><\/h5>\n<ul>\n<li>Titulares de Cart\u00e3o de Estudante a tempo inteiro, v\u00e1lido * (Cart\u00e3o de Estudante local ou residente de Macau com cart\u00e3o de estudante no exterior)<\/li>\n<li>Portadores de Cart\u00e3o de Cidad\u00e3o Idoso* ou Cart\u00e3o de Registo de Avalia\u00e7\u00e3o de Defici\u00eancia*<\/li>\n<\/ul>\n<p>[\/vc_column_text][\/vc_column][\/vc_row][vc_row][vc_column][vc_column_text]<\/p>\n<h5><span style=\"color: #d1ae6d;\">55% desconto para:<\/span><\/h5>\n<ul>\n<li>Jovens Amigos da OM*^<\/li>\n<\/ul>\n<p>Benef\u00edcio compartilhado para Jovens Amigos da OM **<br \/>\nCompartilhe a alegria dos concertos com os seus amigos! \u201cJovens Amigos da OM\u201d, que comprem um bilhete de tarifa mais baixa para os programas &#8220;Virtuosos Brilhantes&#8221;, &#8220;Maestros com Carisma&#8221; ou &#8220;Del\u00edcias Festivas&#8221;, por 1 pataca adicional podem obter mais um bilhete (da mesma tarifa) para a mesma sess\u00e3o. Os bilhetes s\u00e3o limitados. Venha e divirta-se com os seus amigos!<br \/>\n[\/vc_column_text][\/vc_column][\/vc_row][vc_row][vc_column][vc_column_text]#A oferta \u00e9 aplic\u00e1vel apenas aos titulares de cart\u00e3o de cr\u00e9dito BOC Multi-Currency ou BOC Card (cart\u00e3o de d\u00e9bito) emitido pelo Banco da China Limitada (filial de Macau), mas n\u00e3o \u00e9 aplic\u00e1vel a titulares de cart\u00e3o de cr\u00e9dito do BOC ou Banco Tai Fung emitidos pelo Cart\u00e3o de Cr\u00e9dito BOC (Internacional) Limitada.<\/p>\n<p>* Cada titular do cart\u00e3o pode adquirir apenas um bilhete com desconto por sess\u00e3o. Por favor, apresente o seu documento de identidade \u00e0 entrada, caso contr\u00e1rio, ser\u00e1 cobrada a tarifa completa do bilhete.<\/p>\n<p>^ Por favor, consulte a p\u00e1gina n\u00famero 106 desta publica\u00e7\u00e3o para mais detalhes sobre as regras de aplica\u00e7\u00e3o e ofertas.<\/p>\n<p>**O &#8220;benef\u00edcio compartilhado&#8221; pode ser usado em conjunto com o &#8220;desconto de 55%&#8221; para os Jovens Amigos da OM com 25 anos ou menos.<\/p>\n<p>Notas:<br \/>\nCrian\u00e7as com menos de tr\u00eas anos n\u00e3o podem entrar em concertos de &#8220;Concerto do Dia da Crian\u00e7a: Manual de Truques do Maestro&#8221; e &#8220;M\u00fasica para Dan\u00e7ar&#8221;. Noutros concertos, a entrada \u00e9 interdita a crian\u00e7as com menos de seis anos.<\/p>\n<p>O \u201cPlano de benef\u00edcios do consumo por meio electr\u00f3nico\u201d n\u00e3o sao aceites na compra de bilhetes e taxa de admissao para o programa de extensao e taxa de admissao para o programa de extensao..[\/vc_column_text][\/vc_column][\/vc_row][vc_row][vc_column width=&#8221;5\/12&#8243;][vc_single_image image=&#8221;776&#8243; img_size=&#8221;full&#8221;][vc_column_text]Website\uff1a<a href=\"https:\/\/www.macauticket.com\" target=\"_blank\" rel=\"noopener noreferrer\">www.macauticket.com\u3000<\/a><br \/>\nReserva de Bilhetes\uff1a\uff1a<br \/>\nMacau\u3000(853) 2855 5555<br \/>\nHong Kong\u3000(852) 2380 5083[\/vc_column_text][\/vc_column][vc_column width=&#8221;5\/12&#8243;][vc_single_image image=&#8221;775&#8243; img_size=&#8221;full&#8221;][vc_column_text]Website\uff1a<a href=\"https:\/\/www.om-macau.org\">https:\/\/www.om-macau.org<\/a><br \/>\nLocal: Caves 2 do Centro de Criatividade do Tap Siac, Pra\u00e7a do Tap Siac, Macau<br \/>\nE-mail\uff1aom@moc.com.mo<br \/>\nTel\uff1a(853) 2853 0782<br \/>\nFax\uff1a(853) 2853 0666[\/vc_column_text][\/vc_column][\/vc_row][vc_row][vc_column][vc_column_text]<\/p>\n<h2><span style=\"color: #d1ae6d;\">Fa\u00e7a \u201cGosto\u201d na nossa p\u00e1gina no Facebook para saber as \u00faltimas novidades!<\/span><\/h2>\n<p>[\/vc_column_text][\/vc_column][\/vc_row][vc_row][vc_column][vc_row_inner][vc_column_inner width=&#8221;1\/2&#8243;][vc_single_image image=&#8221;785&#8243; img_size=&#8221;full&#8221; onclick=&#8221;custom_link&#8221; img_link_target=&#8221;_blank&#8221; link=&#8221;https:\/\/www.facebook.com\/MacaoOrchestra\/&#8221;][\/vc_column_inner][vc_column_inner width=&#8221;1\/2&#8243;][vc_single_image image=&#8221;784&#8243; img_size=&#8221;full&#8221; onclick=&#8221;custom_link&#8221; img_link_target=&#8221;_blank&#8221; link=&#8221;https:\/\/tw.weibo.com\/orchestramacao&#8221;][\/vc_column_inner][\/vc_row_inner][\/vc_column][\/vc_row][vc_row][vc_column][vc_column_text]O organizador tem o direito de interpreta\u00e7\u00e3o de todos os descontos e\/ou ofertas acima descritas, e reserva-se o direito de alterar os programas e os artistas sem aviso pr\u00e9vio.<\/p>\n<p>Em caso de lit\u00edgio, o Orquestra de Macau reserva-se o direito de interpreta\u00e7\u00e3o e decis\u00e3o final.[\/vc_column_text][\/vc_column][\/vc_row]<\/p>\n","protected":false},"excerpt":{"rendered":"<p>[vc_row][vc_column][vc_column_text]Os bilhetes para o \u201cConcerto de Abertura da Temporada 2021-22\u2013 Ning Feng encontra Brahms\u201d, \u201cDi\u00e1logo de Trio de Piano\u201d, \u201cComemora\u00e7\u00e3o &hellip; <a href=\"https:\/\/www.om-macau.org\/pt-pt\/descontos-e-ofertas-para-a-temporada-da-orquestra-de-macau-2022-23\/\" class=\"more-link\">Continuar a ler<span class=\"screen-reader-text\"> &#8220;Descontos e ofertas para a temporada da Orquestra de Macau 2022-23&#8221;<\/span><\/a><\/p>\n","protected":false},"author":2,"featured_media":0,"parent":0,"menu_order":0,"comment_status":"closed","ping_status":"closed","template":"page_with_sidebar.php","meta":{"_acf_changed":false,"footnotes":""},"class_list":["post-24176","page","type-page","status-publish","hentry"],"acf":[],"_links":{"self":[{"href":"https:\/\/www.om-macau.org\/pt-pt\/wp-json\/wp\/v2\/pages\/24176","targetHints":{"allow":["GET"]}}],"collection":[{"href":"https:\/\/www.om-macau.org\/pt-pt\/wp-json\/wp\/v2\/pages"}],"about":[{"href":"https:\/\/www.om-macau.org\/pt-pt\/wp-json\/wp\/v2\/types\/page"}],"author":[{"embeddable":true,"href":"https:\/\/www.om-macau.org\/pt-pt\/wp-json\/wp\/v2\/users\/2"}],"replies":[{"embeddable":true,"href":"https:\/\/www.om-macau.org\/pt-pt\/wp-json\/wp\/v2\/comments?post=24176"}],"version-history":[{"count":7,"href":"https:\/\/www.om-macau.org\/pt-pt\/wp-json\/wp\/v2\/pages\/24176\/revisions"}],"predecessor-version":[{"id":28045,"href":"https:\/\/www.om-macau.org\/pt-pt\/wp-json\/wp\/v2\/pages\/24176\/revisions\/28045"}],"wp:attachment":[{"href":"https:\/\/www.om-macau.org\/pt-pt\/wp-json\/wp\/v2\/media?parent=24176"}],"curies":[{"name":"wp","href":"https:\/\/api.w.org\/{rel}","templated":true}]}}