{"id":2155,"date":"2016-04-27T13:43:49","date_gmt":"2016-04-27T05:43:49","guid":{"rendered":"https:\/\/www.om-macau.org\/pt-pt\/%e8%81%af%e7%b5%a1%e6%88%91%e5%80%91\/"},"modified":"2025-04-02T19:40:54","modified_gmt":"2025-04-02T11:40:54","slug":"contacte-nos","status":"publish","type":"page","link":"https:\/\/www.om-macau.org\/pt-pt\/contacte-nos\/","title":{"rendered":"Contacte-nos"},"content":{"rendered":"<p>[vc_row][vc_column width=&#8221;1\/2&#8243;][vc_gmaps link=&#8221;#E-8_JTNDaWZyYW1lJTIwc3JjJTNEJTIyaHR0cHMlM0ElMkYlMkZ3d3cuZ29vZ2xlLmNvbSUyRm1hcHMlMkZlbWJlZCUzRnBiJTNEJTIxMW0xOCUyMTFtMTIlMjExbTMlMjExZDEyNzI5Ljk5NDAwMTY1OTY0NSUyMTJkMTEzLjU1NTUwNDEzMDkwNzg2JTIxM2QyMi4xMjMyMTc1OTcyNDEwNTUlMjEybTMlMjExZjAlMjEyZjAlMjEzZjAlMjEzbTIlMjExaTEwMjQlMjEyaTc2OCUyMTRmMTMuMSUyMTNtMyUyMTFtMiUyMTFzMHgzNDAxNzEwMDYzNDY1ZDM3JTI1M0EweGIyNmI2OTE2ZThmNDQwMjAlMjEyejVwU181YnFjNzd5STZMZXY1NUt3Nzd5SjZMNm01WVdzNWFTbjVxaVQlMjE1ZTAlMjEzbTIlMjExc2VuJTIxMnNoayUyMTR2MTc0MDMyNjA4ODI2NSUyMTVtMiUyMTFzZW4lMjEyc2hrJTIyJTIwd2lkdGglM0QlMjI2MDAlMjIlMjBoZWlnaHQlM0QlMjI0NTAlMjIlMjBzdHlsZSUzRCUyMmJvcmRlciUzQTAlM0IlMjIlMjBhbGxvd2Z1bGxzY3JlZW4lM0QlMjIlMjIlMjBsb2FkaW5nJTNEJTIybGF6eSUyMiUzRSUzQyUyRmlmcmFtZSUzRQ==&#8221;][\/vc_column][vc_column width=&#8221;1\/2&#8243;][vc_column_text]<\/p>\n<h2><span style=\"color: #d1ae6d;\">Orquestra de Macau <\/span><\/h2>\n<p>Endere\u00e7o: Rua das Schimas, No.108, Edif\u00edcio de Escrit\u00f3rios do Governo (Coloane), 5\u00ba andares, Coloane, Macau<\/p>\n<p>Reserva de Bilhetes: (853) 2855 5555<\/p>\n<p>e-mail: moc@moc.com.mo[\/vc_column_text][\/vc_column][\/vc_row]<\/p>\n","protected":false},"excerpt":{"rendered":"<p>[vc_row][vc_column width=&#8221;1\/2&#8243;][vc_gmaps link=&#8221;#E-8_JTNDaWZyYW1lJTIwc3JjJTNEJTIyaHR0cHMlM0ElMkYlMkZ3d3cuZ29vZ2xlLmNvbSUyRm1hcHMlMkZlbWJlZCUzRnBiJTNEJTIxMW0xOCUyMTFtMTIlMjExbTMlMjExZDEyNzI5Ljk5NDAwMTY1OTY0NSUyMTJkMTEzLjU1NTUwNDEzMDkwNzg2JTIxM2QyMi4xMjMyMTc1OTcyNDEwNTUlMjEybTMlMjExZjAlMjEyZjAlMjEzZjAlMjEzbTIlMjExaTEwMjQlMjEyaTc2OCUyMTRmMTMuMSUyMTNtMyUyMTFtMiUyMTFzMHgzNDAxNzEwMDYzNDY1ZDM3JTI1M0EweGIyNmI2OTE2ZThmNDQwMjAlMjEyejVwU181YnFjNzd5STZMZXY1NUt3Nzd5SjZMNm01WVdzNWFTbjVxaVQlMjE1ZTAlMjEzbTIlMjExc2VuJTIxMnNoayUyMTR2MTc0MDMyNjA4ODI2NSUyMTVtMiUyMTFzZW4lMjEyc2hrJTIyJTIwd2lkdGglM0QlMjI2MDAlMjIlMjBoZWlnaHQlM0QlMjI0NTAlMjIlMjBzdHlsZSUzRCUyMmJvcmRlciUzQTAlM0IlMjIlMjBhbGxvd2Z1bGxzY3JlZW4lM0QlMjIlMjIlMjBsb2FkaW5nJTNEJTIybGF6eSUyMiUzRSUzQyUyRmlmcmFtZSUzRQ==&#8221;][\/vc_column][vc_column width=&#8221;1\/2&#8243;][vc_column_text] Orquestra de Macau Endere\u00e7o: Rua das Schimas, No.108, Edif\u00edcio de Escrit\u00f3rios do Governo (Coloane), 5\u00ba andares, &hellip; <a href=\"https:\/\/www.om-macau.org\/pt-pt\/contacte-nos\/\" class=\"more-link\">Continuar a ler<span class=\"screen-reader-text\"> &#8220;Contacte-nos&#8221;<\/span><\/a><\/p>\n","protected":false},"author":1,"featured_media":0,"parent":0,"menu_order":0,"comment_status":"closed","ping_status":"closed","template":"page_with_sidebar.php","meta":{"_acf_changed":false,"footnotes":""},"class_list":["post-2155","page","type-page","status-publish","hentry"],"acf":[],"_links":{"self":[{"href":"https:\/\/www.om-macau.org\/pt-pt\/wp-json\/wp\/v2\/pages\/2155","targetHints":{"allow":["GET"]}}],"collection":[{"href":"https:\/\/www.om-macau.org\/pt-pt\/wp-json\/wp\/v2\/pages"}],"about":[{"href":"https:\/\/www.om-macau.org\/pt-pt\/wp-json\/wp\/v2\/types\/page"}],"author":[{"embeddable":true,"href":"https:\/\/www.om-macau.org\/pt-pt\/wp-json\/wp\/v2\/users\/1"}],"replies":[{"embeddable":true,"href":"https:\/\/www.om-macau.org\/pt-pt\/wp-json\/wp\/v2\/comments?post=2155"}],"version-history":[{"count":19,"href":"https:\/\/www.om-macau.org\/pt-pt\/wp-json\/wp\/v2\/pages\/2155\/revisions"}],"predecessor-version":[{"id":50338,"href":"https:\/\/www.om-macau.org\/pt-pt\/wp-json\/wp\/v2\/pages\/2155\/revisions\/50338"}],"wp:attachment":[{"href":"https:\/\/www.om-macau.org\/pt-pt\/wp-json\/wp\/v2\/media?parent=2155"}],"curies":[{"name":"wp","href":"https:\/\/api.w.org\/{rel}","templated":true}]}}