{"id":2138,"date":"2016-09-07T11:23:59","date_gmt":"2016-09-07T03:23:59","guid":{"rendered":"https:\/\/www.om-macau.org\/pt-pt\/%e9%9f%b3%e6%a8%82%e5%85%a8%e6%8e%a5%e8%a7%b8\/"},"modified":"2018-07-27T18:56:05","modified_gmt":"2018-07-27T10:56:05","slug":"gostar-de-musica-partilhar-a-alegria","status":"publish","type":"page","link":"https:\/\/www.om-macau.org\/pt-pt\/gostar-de-musica-partilhar-a-alegria\/","title":{"rendered":"Gostar de M\u00fasica, Partilhar a Alegria"},"content":{"rendered":"<p>[vc_row parallax=&#8221;content-moving&#8221; parallax_image=&#8221;541&#8243;][vc_column][vc_column_text el_class=&#8221;white&#8221; css=&#8221;.vc_custom_1532688954802{padding-top: 100px !important;}&#8221;]A m\u00fasica cl\u00e1ssica n\u00e3o \u00e9 \u201csofisticada e subtil\u201d ou \u201carte intelectual\u201d mas, ao contr\u00e1rio, carrega a forma viva das experi\u00eancias gerais de vida da humanidade. De uma forma simples, a Orquestra ir\u00e1 conduzi-lo atrav\u00e9s da m\u00fasica cl\u00e1ssica e proporcionando-lhe um passeio por este mundo musical hipnotizante.[\/vc_column_text][\/vc_column][\/vc_row]<\/p>\n","protected":false},"excerpt":{"rendered":"<p>[vc_row parallax=&#8221;content-moving&#8221; parallax_image=&#8221;541&#8243;][vc_column][vc_column_text el_class=&#8221;white&#8221; css=&#8221;.vc_custom_1532688954802{padding-top: 100px !important;}&#8221;]A m\u00fasica cl\u00e1ssica n\u00e3o \u00e9 \u201csofisticada e subtil\u201d ou \u201carte intelectual\u201d mas, ao contr\u00e1rio, &hellip; <a href=\"https:\/\/www.om-macau.org\/pt-pt\/gostar-de-musica-partilhar-a-alegria\/\" class=\"more-link\">Continuar a ler<span class=\"screen-reader-text\"> &#8220;Gostar de M\u00fasica, Partilhar a Alegria&#8221;<\/span><\/a><\/p>\n","protected":false},"author":1,"featured_media":0,"parent":0,"menu_order":0,"comment_status":"closed","ping_status":"closed","template":"page_love_music.php","meta":{"_acf_changed":false,"footnotes":""},"class_list":["post-2138","page","type-page","status-publish","hentry"],"acf":[],"_links":{"self":[{"href":"https:\/\/www.om-macau.org\/pt-pt\/wp-json\/wp\/v2\/pages\/2138","targetHints":{"allow":["GET"]}}],"collection":[{"href":"https:\/\/www.om-macau.org\/pt-pt\/wp-json\/wp\/v2\/pages"}],"about":[{"href":"https:\/\/www.om-macau.org\/pt-pt\/wp-json\/wp\/v2\/types\/page"}],"author":[{"embeddable":true,"href":"https:\/\/www.om-macau.org\/pt-pt\/wp-json\/wp\/v2\/users\/1"}],"replies":[{"embeddable":true,"href":"https:\/\/www.om-macau.org\/pt-pt\/wp-json\/wp\/v2\/comments?post=2138"}],"version-history":[{"count":4,"href":"https:\/\/www.om-macau.org\/pt-pt\/wp-json\/wp\/v2\/pages\/2138\/revisions"}],"predecessor-version":[{"id":15541,"href":"https:\/\/www.om-macau.org\/pt-pt\/wp-json\/wp\/v2\/pages\/2138\/revisions\/15541"}],"wp:attachment":[{"href":"https:\/\/www.om-macau.org\/pt-pt\/wp-json\/wp\/v2\/media?parent=2138"}],"curies":[{"name":"wp","href":"https:\/\/api.w.org\/{rel}","templated":true}]}}