{"id":20799,"date":"2020-08-22T23:00:28","date_gmt":"2020-08-22T15:00:28","guid":{"rendered":"https:\/\/www.om-macau.org\/discounts-and-offers-for-the-macao-orchestra-2020-21-season\/"},"modified":"2022-10-31T15:25:53","modified_gmt":"2022-10-31T07:25:53","slug":"descontos-e-ofertas-para-a-temporada-da-orquestra-de-macau-2020-21","status":"publish","type":"page","link":"https:\/\/www.om-macau.org\/pt-pt\/descontos-e-ofertas-para-a-temporada-da-orquestra-de-macau-2020-21\/","title":{"rendered":"Temporada de Concertos de 2022-23 Guia de Reserva"},"content":{"rendered":"<p>[vc_row][vc_column][vc_column_text]<\/p>\n<h5><span style=\"color: #d1ae6d;\">Desconto de 40%\u00a0<\/span><\/h5>\n<p>Titulares de Cart\u00e3o de Estudante a tempo inteiro, v\u00e1lido\uff0a (Cart\u00e3o de Estudante local ou residente de Macau com cart\u00e3o de estudante no exterior), portadores de Cart\u00e3o de Cidad\u00e3o Idoso, Cart\u00e3o de Registo de Avalia\u00e7\u00e3o de Defici\u00eancia<\/p>\n<p><span style=\"font-size: 6pt;\">^ Limitado aos bilhetes ao segundo pre\u00e7o mais baixo e ao pre\u00e7o m\u00ednimo. Cada titular do cart\u00e3o pode adquirir apenas um bilhete com desconto por sess\u00e3o.<\/span>[\/vc_column_text][\/vc_column][\/vc_row][vc_row][vc_column][vc_column_text]<\/p>\n<h5><span style=\"color: #d1ae6d;\">Desconto de 20%<\/span><\/h5>\n<p>Titulares de cart\u00f5es de cr\u00e9dito BOC ou cart\u00f5es BOC#, titulares de cart\u00f5es MasterCard \/ VISA \/ UnionPay do Banco BCM, Banco OCBC Wing Hang, Banco Tai Fung, Banco Luso ou Banco BNU<\/p>\n<p>Titulares de cart\u00e3o de professor de Macau v\u00e1lido*<\/p>\n<p>Portadores do cart\u00e3o de embarque da Air Macau\uff03\uff03<\/p>\n<p>Amigos do Museu de Arte de Macau (MAM)<\/p>\n<p>Centro Cultural dos Amigos de Macau (CCM)<\/p>\n<p>Amigos da Orquestra de Macau<\/p>\n<p>Amigos da Orquestra Chinesa de Macau<\/p>\n<p><span style=\"font-size: 6pt;\"># A oferta \u00e9 aplic\u00e1vel apenas aos titulares de cart\u00e3o de cr\u00e9dito BOC Multi-Currency ou BOC Card (cart\u00e3o de d\u00e9bito) emitido pelo Banco da China Limitada (filial de Macau), mas n\u00e3o \u00e9 aplic\u00e1vel a titulares de cart\u00e3o de cr\u00e9dito do BOC ou Banco Tai Fung emitidos pelo Cart\u00e3o de Cr\u00e9dito BOC (Internacional) Limitada.<\/span><\/p>\n<p><span style=\"font-size: 6pt;\">\uff03\uff03\u3000Portadores do cart\u00e3o de embarque da Air Macau (c\u00f3digo de voo NX) com destino identificado como Macau (MFM), no prazo de 7 dias ap\u00f3s a chegada, adquirindo qualquer n\u00famero de passagens pela Rede de Bilhetes<\/span> <span style=\"font-size: 6pt;\">de Macau.<\/span>[\/vc_column_text][\/vc_column][\/vc_row][vc_row][vc_column width=&#8221;5\/12&#8243;][vc_single_image image=&#8221;776&#8243; img_size=&#8221;full&#8221;][vc_column_text]Website\uff1a<a href=\"https:\/\/www.macauticket.com\" target=\"_blank\" rel=\"noopener noreferrer\">www.macauticket.com\u3000<\/a><br \/>\nReserva de Bilhetes\uff1a\uff1a<br \/>\nMacau\u3000(853) 2855 5555<br \/>\nHong Kong\u3000(852) 2380 5083[\/vc_column_text][\/vc_column][vc_column width=&#8221;5\/12&#8243;][vc_single_image image=&#8221;775&#8243; img_size=&#8221;full&#8221;][vc_column_text]Website\uff1a<a href=\"https:\/\/www.om-macau.org\" target=\"_blank\" rel=\"noopener noreferrer\">https:\/\/www.om-macau.org <\/a><br \/>\nE-mail\uff1aocm@icm.gov.mo<br \/>\nTel\uff1a(853) 2853 0782<br \/>\nFax\uff1a(853) 2853 0666[\/vc_column_text][\/vc_column][\/vc_row][vc_row][vc_column][vc_column_text]<\/p>\n<h2><span style=\"color: #d1ae6d;\">Fa\u00e7a &#8220;Gosto&#8221; na nossa p\u00e1gina no Facebook para saber as \u00faltimas novidades!<\/span><\/h2>\n<p>[\/vc_column_text][\/vc_column][\/vc_row][vc_row][vc_column][vc_row_inner][vc_column_inner width=&#8221;1\/2&#8243;][vc_single_image image=&#8221;785&#8243; img_size=&#8221;full&#8221; onclick=&#8221;custom_link&#8221; img_link_target=&#8221;_blank&#8221; link=&#8221;https:\/\/www.facebook.com\/MacaoOrchestra\/&#8221;][\/vc_column_inner][vc_column_inner width=&#8221;1\/2&#8243;][vc_single_image image=&#8221;784&#8243; img_size=&#8221;full&#8221; onclick=&#8221;custom_link&#8221; img_link_target=&#8221;_blank&#8221; link=&#8221;https:\/\/tw.weibo.com\/orchestramacao&#8221;][\/vc_column_inner][\/vc_row_inner][\/vc_column][\/vc_row][vc_row][vc_column][vc_column_text]O organizador tem o direito de interpreta\u00e7\u00e3o de todos os descontos e\/ou ofertas acima descritas, e reserva-se o direito de alterar os programas e os artistas sem aviso pr\u00e9vio.<br \/>\nEm caso de lit\u00edgio, o Instituto Cultural do Governo da Regi\u00e3o Administrativa Especial de Macau reserva-se o direito de interpreta\u00e7\u00e3o e decis\u00e3o final.<br \/>\n[\/vc_column_text][\/vc_column][\/vc_row]<\/p>\n","protected":false},"excerpt":{"rendered":"<p>[vc_row][vc_column][vc_column_text] Desconto de 40%\u00a0 Titulares de Cart\u00e3o de Estudante a tempo inteiro, v\u00e1lido\uff0a (Cart\u00e3o de Estudante local ou residente de &hellip; <a href=\"https:\/\/www.om-macau.org\/pt-pt\/descontos-e-ofertas-para-a-temporada-da-orquestra-de-macau-2020-21\/\" class=\"more-link\">Continuar a ler<span class=\"screen-reader-text\"> &#8220;Temporada de Concertos de 2022-23 Guia de Reserva&#8221;<\/span><\/a><\/p>\n","protected":false},"author":2,"featured_media":0,"parent":0,"menu_order":0,"comment_status":"closed","ping_status":"closed","template":"page_with_sidebar.php","meta":{"_acf_changed":false,"footnotes":""},"class_list":["post-20799","page","type-page","status-publish","hentry"],"acf":[],"_links":{"self":[{"href":"https:\/\/www.om-macau.org\/pt-pt\/wp-json\/wp\/v2\/pages\/20799","targetHints":{"allow":["GET"]}}],"collection":[{"href":"https:\/\/www.om-macau.org\/pt-pt\/wp-json\/wp\/v2\/pages"}],"about":[{"href":"https:\/\/www.om-macau.org\/pt-pt\/wp-json\/wp\/v2\/types\/page"}],"author":[{"embeddable":true,"href":"https:\/\/www.om-macau.org\/pt-pt\/wp-json\/wp\/v2\/users\/2"}],"replies":[{"embeddable":true,"href":"https:\/\/www.om-macau.org\/pt-pt\/wp-json\/wp\/v2\/comments?post=20799"}],"version-history":[{"count":8,"href":"https:\/\/www.om-macau.org\/pt-pt\/wp-json\/wp\/v2\/pages\/20799\/revisions"}],"predecessor-version":[{"id":28790,"href":"https:\/\/www.om-macau.org\/pt-pt\/wp-json\/wp\/v2\/pages\/20799\/revisions\/28790"}],"wp:attachment":[{"href":"https:\/\/www.om-macau.org\/pt-pt\/wp-json\/wp\/v2\/media?parent=20799"}],"curies":[{"name":"wp","href":"https:\/\/api.w.org\/{rel}","templated":true}]}}