{"id":18223,"date":"2019-06-18T10:09:42","date_gmt":"2019-06-18T02:09:42","guid":{"rendered":"https:\/\/www.om-macau.org\/2019-20-%e6%a8%82%e5%ad%a3\/"},"modified":"2019-06-26T16:55:20","modified_gmt":"2019-06-26T08:55:20","slug":"2019-2020","status":"publish","type":"page","link":"https:\/\/www.om-macau.org\/pt-pt\/2019-2020\/","title":{"rendered":"2019-2020"},"content":{"rendered":"<p>[vc_row][vc_column][vc_column_text]Os bilhetes estar\u00e3o dispon\u00edveis para venda na Bilheteira Online de Macaua partir das 10:00 Roras do dia 30 de Junho de 2019. As datas de in\u00edcio da venda de bilhetes para o Festival Internacional de M\u00fasica de Macau e\u00a0 no Festival de Artes de Macau ser\u00e3o anunciadas oportunamente. Por favor, preste aten\u00e7\u00e3o \u00e0s \u00faltimas not\u00edcias nos sites oficiais da Orquestra de Macau ou da Bilheteira Online de Macau.[\/vc_column_text][vc_column_text]<\/p>\n<h3><span style=\"color: #ffffff;\">Ofertas Especiais<\/span> <span style=\"color: #d1ae6d;\">^<\/span><\/h3>\n<p>[\/vc_column_text][\/vc_column][\/vc_row][vc_row][vc_column][vc_column_text]<\/p>\n<h5><span style=\"color: #d1ae6d;\">Descontos^<\/span><\/h5>\n<ul>\n<li>\u201cConfraternizando com a alegria musical\u201d \u2013 na compra de 4 ou mais bilhetes<\/li>\n<li>\u201cAmigos da OM\u201d, \u201cAmigos do CCM\u201d, &#8220;Amigos da Orquestra Chinesa de Macau&#8221;, na compra de qualquer n\u00famero de bilhetes.<\/li>\n<\/ul>\n<p>[\/vc_column_text][\/vc_column][\/vc_row][vc_row][vc_column][vc_column_text]<strong>Desconto por compra antecipada\uff1a<\/strong>40% de desconto na compra de bilhetes entre 30 de Junho e 17 de Agosto de 2019, atendendo aos crit\u00e9rios abaixo indicados<\/p>\n<p><strong>Desconto de temporada\uff1a<\/strong>30% de desconto na compra a ou ap\u00f3s 18 de Agosto de 2019.<\/p>\n<p>No per\u00edodo de desconto por compra antecipada, os Amigos da OM podem levantar, na recep\u00e7\u00e3o do Instituto Cultural, dois bilhetes para Confraternizando com a alegria musical &#8211; gala e encontro anual, apresentando o cart\u00e3o de Amigo da OM juntamente com os bilhetes para o \u201cConcerto de Abertura da Temporada 2019-20 \u2013 Alban Gerhardt e Orquestra de Macau\u201d e \u201cEm Di\u00e1logo com o Violoncelo\u201d, ou com o pacote de bilhetes para a Viagem de C\u00e2mara.<br \/>\nEsta oferta \u00e9 v\u00e1lida apenas enquanto durarem os estoques.<br \/>\n[\/vc_column_text][\/vc_column][\/vc_row][vc_row][vc_column][vc_column_text]<\/p>\n<h5><span style=\"color: #d1ae6d;\">Desconto do pacote de bilhetes \u201cAmor-Beethoven\u201d<\/span><\/h5>\n<p>Em comemora\u00e7\u00e3o dos 250 anos do nascimento de Ludwig van Beethoven, o pacote \u201cAmor-Beethoven\u201d oferece aos f\u00e3s uma experi\u00eancia musical completa de Beethoven. Antes de 31 de Dezembro de 2019, os f\u00e3s podem comprar um pacote de bilhetes para os cinco concertos de Beethoven a um pre\u00e7o de MOP880 (o pacote inclui um bilhete por concerto, \u00e0 tarifa mais alta).<br \/>\nEsta oferta \u00e9 v\u00e1lida apenas enquanto durarem os estoques.<\/p>\n<p>Os cinco concertos especiais de Beethoven incluem:<\/p>\n<ul>\n<li>Sinfonia do Destino<\/li>\n<li>M\u00fasica de C\u00e2mara Melodiosa<\/li>\n<li>Sopros Magn\u00edficos<\/li>\n<li>Concerto de Encerramento da Temporada 2019-20 \u2013 Concertos para Piano de Beethoven por Rudolf Buchbinder (I)<\/li>\n<li>Concerto de Encerramento da Temporada 2019-20 \u2013 Concertos para Piano de Beethoven por Rudolf Buchbinder (II)<\/li>\n<\/ul>\n<p>Aqueles que compraram o pacote Amor-Beethoven ter\u00e3o prioridade para se registar gratuitamente antes de 31 de Dezembro de 2019, e obter bilhetes para tr\u00eas das seguintes actividades \/ espect\u00e1culos (um bilhete por evento):<\/p>\n<ul>\n<li>Quando a M\u00fasica Fala<\/li>\n<li>Som dos Maestros<\/li>\n<li>Romance Italiano<\/li>\n<li>O Poder da Mudan\u00e7a<\/li>\n<li>M\u00fasica m Patrim\u00f3nio Mundial: M\u00fasica Rom\u00e2ntica Orquestral<\/li>\n<li>M\u00fasica em Patrim\u00f3nio Mundial: Sinfonia N.\u00ba 1 de Beethoven<\/li>\n<\/ul>\n<p>[\/vc_column_text][vc_column_text]<\/p>\n<h5><span style=\"color: #d1ae6d;\">Desconto &#8220;Viagem de C\u00e2mara&#8221;<\/span><\/h5>\n<ul>\n<li>&#8211; 40% de desconto em 4 ou mais bilhetes da s\u00e9rie &#8220;Viagem de C\u00e2mara&#8221;<\/li>\n<\/ul>\n<p>[\/vc_column_text][vc_column_text]<\/p>\n<h5><span style=\"color: #d1ae6d;\">Oferta exclusiva para titulares de cart\u00e3o BOC<\/span><\/h5>\n<p>Os titulares do Cart\u00e3o de Cr\u00e9dito BOC ou Cart\u00e3o BOC podem desfrutar de 30% de desconto em qualquer n\u00famero de bilhetes para programas especiais. Os programas especiais incluem o \u201cConcerto de Abertura da Temporada 2019-20 \u2013 Alban Gerhardt e Orquestra de Macau\u201d, \u201cEstrelas em Viena &#8211; Concerto de Ano Novo\u201d, \u201cConcerto do Dia dos Namorados: Paix\u00e3o Latina\u201d e \u201cConcerto de Encerramento da Temporada 2019-20 \u2013 Concertos de Piano de Beethoven por Rudolf Buchbinder\u201d[\/vc_column_text][\/vc_column][\/vc_row][vc_row][vc_column][vc_column_text]<\/p>\n<h5><span style=\"color: #d1ae6d;\">20% de desconto para <\/span><\/h5>\n<ul>\n<li>Titulares do Cart\u00e3o de Professor de Macau*<\/li>\n<li>Titulares de cart\u00f5es de cr\u00e9dito BOC ou cart\u00f5es BOC que comprem qualquer n\u00famero de bilhetes para programas n\u00e3o especiais;<\/li>\n<li>Titulares de cart\u00f5es Visa \/ Master BCM, OCBC Wing Hang ou Banco Tai Fung ou de cart\u00f5es UnionPay que comprem qualquer n\u00famero de bilhetes;<\/li>\n<li>Titulares do cart\u00e3o de embarque da Air Macau (c\u00f3digo de voo NX) com destino identificado como Macau (MFM), que comprem qualquer n\u00famero de bilhetes no prazo de 7 dias ap\u00f3s a data de chegada do voo na Macauticket.com.<\/li>\n<\/ul>\n<p>[\/vc_column_text][\/vc_column][\/vc_row][vc_row][vc_column][vc_column_text]<\/p>\n<h5><span style=\"color: #d1ae6d;\">50% de desconto para <\/span><\/h5>\n<ul>\n<li>Titulares de Cart\u00e3o de Estudante a tempo inteiro, v\u00e1lido * (titulares de Cart\u00e3o de Estudante local ou residentes de Macau com cart\u00e3o de estudante no estrangeiro);<\/li>\n<li>Detentores de cart\u00e3o de idoso de Macau, v\u00e1lido * ou Cart\u00e3o de registo de avalia\u00e7\u00e3o de incapacidade*.<\/li>\n<\/ul>\n<p>[\/vc_column_text][\/vc_column][\/vc_row][vc_row][vc_column][vc_column_text]<\/p>\n<h5><span style=\"color: #d1ae6d;\">55% de desconto para<\/span><\/h5>\n<ul>\n<li>Amigos Jovens da OM *<\/li>\n<\/ul>\n<p>[\/vc_column_text][\/vc_column][\/vc_row][vc_row][vc_column][vc_column_text]# A oferta aplica-se apenas aos titulares do Cart\u00e3o de Cr\u00e9dito Multi Moeda BOC ou Cart\u00e3o BOC (cart\u00e3o de d\u00e9bito), emitidos pela sucursal do Banco da China, Limitada, mas n\u00e3o \u00e9 aplic\u00e1vel aos titulares do Cart\u00e3o de Cr\u00e9dito BOC ou Banco Tai Fung emitidos pelo Cart\u00e3o de Cr\u00e9dito BOC ( Internacional) Limit.<\/p>\n<p>* Cada titular do cart\u00e3o s\u00f3 pode adquirir um bilhete com desconto por espect\u00e1culo. \u00c9 favor apresentar o respectivo documento na entrada, caso contr\u00e1rio, ser\u00e1 cobrada a tarifa integral do bilhete.<\/p>\n<p><sup>^<\/sup> As ofertas acima referidas n\u00e3o se aplicam aos espect\u00e1culos da OM no Festival Internacional de M\u00fasica de Macau e no Festival de Artes de Macau, e n\u00e3o se podem sobrepor.<\/p>\n<p>[\/vc_column_text][\/vc_column][\/vc_row][vc_row][vc_column width=&#8221;5\/12&#8243;][vc_single_image image=&#8221;776&#8243; img_size=&#8221;full&#8221;][vc_column_text]Website\uff1a<a href=\"https:\/\/www.macauticket.com\" target=\"_blank\" rel=\"noopener noreferrer\">www.macauticket.com\u3000<\/a><br \/>\nReserva de Bilhetes\uff1a\uff1a<br \/>\nMacau\u3000(853) 2855 5555<br \/>\nHong Kong\u3000(852) 2380 5083[\/vc_column_text][\/vc_column][vc_column width=&#8221;5\/12&#8243;][vc_single_image image=&#8221;775&#8243; img_size=&#8221;full&#8221;][vc_column_text]Website\uff1a<a href=\"https:\/\/www.om-macau.org\" target=\"_blank\" rel=\"noopener noreferrer\">https:\/\/www.om-macau.org <\/a><br \/>\nE-mail\uff1aocm@icm.gov.mo<br \/>\nTel\uff1a(853) 2853 0782<br \/>\nFax\uff1a(853) 2853 0666[\/vc_column_text][\/vc_column][\/vc_row][vc_row][vc_column][vc_column_text]<\/p>\n<h2><span style=\"color: #d1ae6d;\">\u201c\u8b9a\u597d\u201d\u6211\u5011\u7684facebook\u5c08\u9801\uff0c\u7559\u610f\u6a02\u5718\u6700\u65b0\u52d5\u614b\uff01<\/span><\/h2>\n<p>[\/vc_column_text][\/vc_column][\/vc_row][vc_row][vc_column][vc_row_inner][vc_column_inner width=&#8221;1\/2&#8243;][vc_single_image image=&#8221;785&#8243; img_size=&#8221;full&#8221; onclick=&#8221;custom_link&#8221; img_link_target=&#8221;_blank&#8221; link=&#8221;https:\/\/www.facebook.com\/MacaoOrchestra\/&#8221;][\/vc_column_inner][vc_column_inner width=&#8221;1\/2&#8243;][vc_single_image image=&#8221;784&#8243; img_size=&#8221;full&#8221; onclick=&#8221;custom_link&#8221; img_link_target=&#8221;_blank&#8221; link=&#8221;https:\/\/tw.weibo.com\/orchestramacao&#8221;][\/vc_column_inner][\/vc_row_inner][\/vc_column][\/vc_row][vc_row][vc_column][vc_column_text]A Organiza\u00e7\u00e3o reserva-se o direito de alterar o programa e os artistas.<\/p>\n<p>O Instituto Cultural do Governo da R.A.E. de Macau reserva-se o direito de interpreta\u00e7\u00e3o e de decis\u00e3o final em caso de disputa relativamente a estes termos.[\/vc_column_text][\/vc_column][\/vc_row]<\/p>\n","protected":false},"excerpt":{"rendered":"<p>[vc_row][vc_column][vc_column_text]Os bilhetes estar\u00e3o dispon\u00edveis para venda na Bilheteira Online de Macaua partir das 10:00 Roras do dia 30 de Junho &hellip; <a href=\"https:\/\/www.om-macau.org\/pt-pt\/2019-2020\/\" class=\"more-link\">Continuar a ler<span class=\"screen-reader-text\"> &#8220;2019-2020&#8221;<\/span><\/a><\/p>\n","protected":false},"author":2,"featured_media":0,"parent":0,"menu_order":0,"comment_status":"closed","ping_status":"closed","template":"page_with_sidebar.php","meta":{"_acf_changed":false,"footnotes":""},"class_list":["post-18223","page","type-page","status-publish","hentry"],"acf":[],"_links":{"self":[{"href":"https:\/\/www.om-macau.org\/pt-pt\/wp-json\/wp\/v2\/pages\/18223","targetHints":{"allow":["GET"]}}],"collection":[{"href":"https:\/\/www.om-macau.org\/pt-pt\/wp-json\/wp\/v2\/pages"}],"about":[{"href":"https:\/\/www.om-macau.org\/pt-pt\/wp-json\/wp\/v2\/types\/page"}],"author":[{"embeddable":true,"href":"https:\/\/www.om-macau.org\/pt-pt\/wp-json\/wp\/v2\/users\/2"}],"replies":[{"embeddable":true,"href":"https:\/\/www.om-macau.org\/pt-pt\/wp-json\/wp\/v2\/comments?post=18223"}],"version-history":[{"count":7,"href":"https:\/\/www.om-macau.org\/pt-pt\/wp-json\/wp\/v2\/pages\/18223\/revisions"}],"predecessor-version":[{"id":19297,"href":"https:\/\/www.om-macau.org\/pt-pt\/wp-json\/wp\/v2\/pages\/18223\/revisions\/19297"}],"wp:attachment":[{"href":"https:\/\/www.om-macau.org\/pt-pt\/wp-json\/wp\/v2\/media?parent=18223"}],"curies":[{"name":"wp","href":"https:\/\/api.w.org\/{rel}","templated":true}]}}