{"id":1710,"date":"2016-10-12T18:12:10","date_gmt":"2016-10-12T10:12:10","guid":{"rendered":"https:\/\/www.om-macau.org\/pt-pt\/?page_id=1710"},"modified":"2026-03-18T16:23:01","modified_gmt":"2026-03-18T08:23:01","slug":"orquestra-de-macau","status":"publish","type":"page","link":"https:\/\/www.om-macau.org\/pt-pt\/orquestra-de-macau\/","title":{"rendered":"Orquestra de Macau"},"content":{"rendered":"<p>[vc_row][vc_column offset=&#8221;vc_col-lg-offset-1 vc_col-lg-10 vc_col-md-offset-1 vc_col-md-10 vc_col-sm-offset-0&#8243;][vc_single_image image=&#8221;53205&#8243; img_size=&#8221;large&#8221; alignment=&#8221;center&#8221;][vc_column_text]<\/p>\n<h5><span style=\"color: #ffffff;\">Fundindo Oriente e Ocidente, Atravessando o Tempo<\/span><\/h5>\n<p>&nbsp;<\/p>\n<p style=\"text-align: justify;\">A Orquestra de Macau, a \u00fanica orquestra sinf\u00f3nica profissional a tempo inteiro local, tem como objectivo \u201cfundir as culturas oriental e ocidental e interpretar cl\u00e1ssicos de todos os tempos\u201d. Dedicada a oferecer actu\u00e7\u00f5es musicais de alta qualidade ao p\u00fablico, a Orquestra enra\u00edza melodias encantadoras no solo da cidade.<\/p>\n<p style=\"text-align: justify;\">A predecessora da Orquestra de Macau foi a Orquestra de C\u00e2mara de Macau, fundada em 1983 pelo Padre \u00c1ureo de Castro e pelos outros interessados da Academia de M\u00fasica S. Pio X. Em Julho de 2001, o Instituto Cultural do Governo da Regi\u00e3o Administrativa Especial de Macau decidiu nome\u00e1-la \u201cOrquestra de Macau\u201d. Desde 1 de Fevereiro de 2022, a Orquestra de Macau \u00e9 gerida pela Sociedade Orquestra de Macau, Limitada, uma entidade totalmente detida pelo Governo da RAEM. Os anteriores directores da Orquestra de Macau incluem os artistas conhecidos como Doming Lam (1984-1988), Veiga Jardim (1988-1995), Yuan Fang (1995-2001), Shao En (2001-2008) e Lu Jia (2008 -2022). A partir da temporada 2023-24, Lio Kuokman assumiu-se como director musical e como maestro principal.<\/p>\n<p style=\"text-align: justify;\">Ao longo dos anos, a Orquestra colaborou com in\u00fameros m\u00fasicos, maestros e grupos art\u00edsticos de renome internacional, incluindo Pl\u00e1cido Domingo, Krystian Zimerman, Leonidas Kavakos, Lang Lang, Sarah Chang, Tan Dun, Yekwon Sunwoo, Nobuyuki Tsujii, Akiko Suwanai, Pablo Ferr\u00e1ndez, Bomsori Kim, Makoto Ozone, Christopher Warren-Green, a Orquestra de Filad\u00e9lfia, a Orquestra de C\u00e2mara da Coreia, Coro Filarm\u00f3nico de Hong Kong, English National Ballet, Ballet de Hong Kong, entre outros.<\/p>\n<p style=\"text-align: justify;\">Al\u00e9m disso, a Orquestra de Macau frequentemente \u00e9 convidada a apresentar-se tanto na China continental quanto no exterior, tendo actuado em v\u00e1rios locais como \u00c1ustria, Su\u00ed\u00e7a, Hungria, Portugal, Espanha, Estados Unidos, Jap\u00e3o, Coreia e mais de trinta cidades no interior da China. Em 2015, representou a China no Festival de M\u00fasica de Bruckner, na \u00c1ustria. Em 2019, em comemora\u00e7\u00e3o dos 40 anos de rela\u00e7\u00f5es diplom\u00e1ticas entre a China e Portugal e da comemora\u00e7\u00e3o do 25.\u00ba anivers\u00e1rio da RAEM, a Orquestra realizou uma digress\u00e3o em Portugal para demonstrar que a Orquestra de Macau ajuda Macau a construir \u201cUma Base de Interc\u00e2mbio e Coopera\u00e7\u00e3o para a Promo\u00e7\u00e3o da Coexist\u00eancia Multicultural com Predomin\u00e2ncia da Cultura Chinesa\u201d.<\/p>\n<p style=\"text-align: justify;\">A Orquestra tamb\u00e9m se empenha na educa\u00e7\u00e3o musical e na promo\u00e7\u00e3o comunit\u00e1ria, apresentando regularmente s\u00e9ries de concertos como \u201cM\u00fasica para o Futuro\u201d e \u201cM\u00fasica no Espa\u00e7o Art\u00edstico\u201d. Nos \u00faltimos anos, realizou s\u00e9rie de concertos populares \u201cMelodias Inesquec\u00edveis\u201d, actuando em diferentes locais do patrim\u00f3nio mundial, permitindo ao p\u00fablico apreciar m\u00fasica requintada entre as hist\u00f3ricas constru\u00e7\u00f5es de Macau e trazendo aos turistas uma experi\u00eancia de \u201cturismo + cultura\u201d. A Orquestra tamb\u00e9m se desloca pessoalmente a escolas de diferentes n\u00edveis, comunidades e grupos desfavorecidos, ampliando significativamente a audi\u00eancia da m\u00fasica cl\u00e1ssica. Atrav\u00e9s de concertos como \u201cArtes Florescentes\u201d e \u201cO Futuro da M\u00fasica Cl\u00e1ssica\u201d, oferece aos jovens talentos musicais a oportunidade de realizar os seus sonhos, expandir horizontes e melhorar o seu n\u00edvel musical.<\/p>\n<p style=\"text-align: justify;\">No futuro, a Orquestra de Macau continuar\u00e1 a colaborar com artistas, m\u00fasicos e grupos art\u00edsticos de classe mundial, trazendo ao p\u00fablico local e aos turistas uma variedade de performances e actividades de m\u00fasica cl\u00e1ssica de alta qualidade. Simultaneamente, a Orquestra esfor\u00e7a-se para cultivar novos apreciadores de m\u00fasica e para desenvolver talentos musicais, contribuindo para Macau como uma \u201cCidade do Espect\u00e1culo\u201d de excel\u00eancia para os entusiastas da m\u00fasica. Sob o contexto \u00fanico da fus\u00e3o cultural entre Oriente e Ocidente em Macau, a Orquestra assumir\u00e1 o papel de ponte de interc\u00e2mbio cultural, utilizando a m\u00fasica como linguagem para expressar o amor de Macau pela p\u00e1tria e abra\u00e7ar o mundo, mostrando a cidade luso-chinesa.<\/p>\n<p>[\/vc_column_text][\/vc_column][\/vc_row]<\/p>\n","protected":false},"excerpt":{"rendered":"<p>[vc_row][vc_column offset=&#8221;vc_col-lg-offset-1 vc_col-lg-10 vc_col-md-offset-1 vc_col-md-10 vc_col-sm-offset-0&#8243;][vc_single_image image=&#8221;53205&#8243; img_size=&#8221;large&#8221; alignment=&#8221;center&#8221;][vc_column_text] Fundindo Oriente e Ocidente, Atravessando o Tempo &nbsp; A Orquestra de &hellip; <a href=\"https:\/\/www.om-macau.org\/pt-pt\/orquestra-de-macau\/\" class=\"more-link\">Continuar a ler<span class=\"screen-reader-text\"> &#8220;Orquestra de Macau&#8221;<\/span><\/a><\/p>\n","protected":false},"author":1,"featured_media":0,"parent":0,"menu_order":0,"comment_status":"closed","ping_status":"closed","template":"page_general.php","meta":{"_acf_changed":false,"footnotes":""},"class_list":["post-1710","page","type-page","status-publish","hentry"],"acf":[],"_links":{"self":[{"href":"https:\/\/www.om-macau.org\/pt-pt\/wp-json\/wp\/v2\/pages\/1710","targetHints":{"allow":["GET"]}}],"collection":[{"href":"https:\/\/www.om-macau.org\/pt-pt\/wp-json\/wp\/v2\/pages"}],"about":[{"href":"https:\/\/www.om-macau.org\/pt-pt\/wp-json\/wp\/v2\/types\/page"}],"author":[{"embeddable":true,"href":"https:\/\/www.om-macau.org\/pt-pt\/wp-json\/wp\/v2\/users\/1"}],"replies":[{"embeddable":true,"href":"https:\/\/www.om-macau.org\/pt-pt\/wp-json\/wp\/v2\/comments?post=1710"}],"version-history":[{"count":18,"href":"https:\/\/www.om-macau.org\/pt-pt\/wp-json\/wp\/v2\/pages\/1710\/revisions"}],"predecessor-version":[{"id":53209,"href":"https:\/\/www.om-macau.org\/pt-pt\/wp-json\/wp\/v2\/pages\/1710\/revisions\/53209"}],"wp:attachment":[{"href":"https:\/\/www.om-macau.org\/pt-pt\/wp-json\/wp\/v2\/media?parent=1710"}],"curies":[{"name":"wp","href":"https:\/\/api.w.org\/{rel}","templated":true}]}}