{"id":15558,"date":"2018-07-27T20:24:49","date_gmt":"2018-07-27T12:24:49","guid":{"rendered":"https:\/\/www.om-macau.org\/?page_id=15558\/"},"modified":"2018-07-30T12:28:42","modified_gmt":"2018-07-30T04:28:42","slug":"concerto-universitario","status":"publish","type":"page","link":"https:\/\/www.om-macau.org\/pt-pt\/concerto-universitario\/","title":{"rendered":"Concerto Universit\u00e1rio"},"content":{"rendered":"<p>[vc_row parallax=&#8221;content-moving&#8221; parallax_image=&#8221;15553&#8243;][vc_column][vc_column_text el_class=&#8221;white&#8221; css=&#8221;.vc_custom_1532924920344{padding-top: 100px !important;}&#8221;]Todos os anos, com o objectivo de valorizar a sua aprecia\u00e7\u00e3o musical, a Orquestra de Macau organiza concertos para estudantes universit\u00e1rios. O report\u00f3rio \u00e9 seleccionado com este prop\u00f3sito e envolve uma vasta gama de g\u00e9neros musicais da hist\u00f3ria da m\u00fasica. Francis Kan, Maestro Assistente da Orquestra, vai segurar o bast\u00e3o e, com uma conversa animada, vai ampliar os horizontes est\u00e9ticos dos alunos, enriquecendo a experi\u00eancia que v\u00e3o ter do concerto e tornando essa experi\u00eacia divertida![\/vc_column_text][\/vc_column][\/vc_row]<\/p>\n","protected":false},"excerpt":{"rendered":"<p>[vc_row parallax=&#8221;content-moving&#8221; parallax_image=&#8221;15553&#8243;][vc_column][vc_column_text el_class=&#8221;white&#8221; css=&#8221;.vc_custom_1532924920344{padding-top: 100px !important;}&#8221;]Todos os anos, com o objectivo de valorizar a sua aprecia\u00e7\u00e3o musical, a Orquestra &hellip; <a href=\"https:\/\/www.om-macau.org\/pt-pt\/concerto-universitario\/\" class=\"more-link\">Continuar a ler<span class=\"screen-reader-text\"> &#8220;Concerto Universit\u00e1rio&#8221;<\/span><\/a><\/p>\n","protected":false},"author":1,"featured_media":0,"parent":0,"menu_order":0,"comment_status":"closed","ping_status":"closed","template":"page_love_music.php","meta":{"_acf_changed":false,"footnotes":""},"class_list":["post-15558","page","type-page","status-publish","hentry"],"acf":[],"_links":{"self":[{"href":"https:\/\/www.om-macau.org\/pt-pt\/wp-json\/wp\/v2\/pages\/15558","targetHints":{"allow":["GET"]}}],"collection":[{"href":"https:\/\/www.om-macau.org\/pt-pt\/wp-json\/wp\/v2\/pages"}],"about":[{"href":"https:\/\/www.om-macau.org\/pt-pt\/wp-json\/wp\/v2\/types\/page"}],"author":[{"embeddable":true,"href":"https:\/\/www.om-macau.org\/pt-pt\/wp-json\/wp\/v2\/users\/1"}],"replies":[{"embeddable":true,"href":"https:\/\/www.om-macau.org\/pt-pt\/wp-json\/wp\/v2\/comments?post=15558"}],"version-history":[{"count":5,"href":"https:\/\/www.om-macau.org\/pt-pt\/wp-json\/wp\/v2\/pages\/15558\/revisions"}],"predecessor-version":[{"id":15613,"href":"https:\/\/www.om-macau.org\/pt-pt\/wp-json\/wp\/v2\/pages\/15558\/revisions\/15613"}],"wp:attachment":[{"href":"https:\/\/www.om-macau.org\/pt-pt\/wp-json\/wp\/v2\/media?parent=15558"}],"curies":[{"name":"wp","href":"https:\/\/api.w.org\/{rel}","templated":true}]}}