{"id":14980,"date":"2018-06-20T19:09:37","date_gmt":"2018-06-20T11:09:37","guid":{"rendered":"https:\/\/www.om-macau.org\/?page_id=14980\/"},"modified":"2018-06-21T17:30:56","modified_gmt":"2018-06-21T09:30:56","slug":"2018-2019","status":"publish","type":"page","link":"https:\/\/www.om-macau.org\/pt-pt\/2018-2019\/","title":{"rendered":"2018-2019"},"content":{"rendered":"<p>[vc_row][vc_column][vc_column_text]<\/p>\n<p style=\"text-align: justify;\">Os bilhetes \u00e0 venda a partir do dia 1 de Julho de 2018 na Bilheteira Online de Macau. As datas de venda dos bilhetes para os concertos da Orquestra de Macau integrados no Festival Internacional de M\u00fasica de Macau e no Festival de Artes de Macau ser\u00e3o anunciados mais tarde. \u00c9 favor visita o s\u00edtio oficial da Orquestra de Macau e Bilheteira Online de Macau para actualiza\u00e7\u00f5es.<\/p>\n<p>[\/vc_column_text][vc_column_text]<\/p>\n<h3><span style=\"color: #ffffff;\">Ofertas Especiais<\/span> <span style=\"color: #d1ae6d;\">^<\/span><\/h3>\n<p>[\/vc_column_text][vc_column_text]<\/p>\n<h5><span style=\"color: #d1ae6d;\">Descontos^<\/span><\/h5>\n<ul>\n<li>\u201cConfraternizando com a alegria musical\u02ee &#8211; Para 4 ou mais espect\u00e1culos<\/li>\n<li>\u201cAmigos da OM\u02ee, \u201cAmigos do CCM\u02ee,\u00a0 \u201cAmigos da OCHM\u02ee (Sem limite de n\u00famero de bilhetes)<\/li>\n<\/ul>\n<p>[\/vc_column_text][vc_column_text]Compra antecipada: desconto de 40% na compra de bilhetes entre 1 de Julho e 31 de Agosto de 2018<\/p>\n<p>Desconto de temporada: desconto de 30% a partir de 1 de Setembro de 2018<\/p>\n<p>Durante o per\u00edodo de compra antecipada, os amigos da OM podem redimir 2 bilhetes de \u201cConfraternizando com a alegria musical &#8211; Gala e encontro anual\u02ee, apresentando o seu cart\u00e3o de membro e os bilhetes para \u201cConcerto de Abertura da Temporada 2018-19 &#8211; Sergei Rachmaninoff por Barry Douglas\u02ee, \u201cSauda\u00e7\u00e3o a Richard Strauss &#8211; Tianwa Yang e a Orquestra de Macau\u02ee ou \u201cProd\u00edgios ao Piano\u02ee , na Recep\u00e7\u00e3o do Instituto Cultural durante o hor\u00e1rio de expediente. O n\u00famero de bilhetes dispon\u00edveis para troca \u00e9 limitado.<\/p>\n<p><strong>Desconto para \u201cViagem de C\u00e2mara\u201d <\/strong><\/p>\n<ul>\n<li>40% de desconto na compra de 4 ou mais bilhetes para os concertos de Viagem de C\u00e2mara<\/li>\n<li>30% de desconto na compra de 2 ou mais bilhetes para os concertos de Viagem de C\u00e2mara<\/li>\n<\/ul>\n<p><strong>Desconto Exclusivo para Clientes do Banco da China (BOC)<\/strong><\/p>\n<p>Os portadores de Cart\u00e3o de Cr\u00e9dito do BOC<sup>#<\/sup> ou de Cart\u00e3o do BOC poder\u00e3o usufruir de um desconto de 30% na compra de bilhetes para programas especiais, sem limite de n\u00famero de bilhetes. Os programas especiais incluem \u201cConcerto de Abertura da Temporada 2018-19 &#8211; Sergei Rachmaninoff por Barry Douglas\u02ee, \u201cEstrelas em Viena &#8211; Concerto de Ano Novo\u02ee, \u201cConcerto do Dia dos Namorados &#8211; Piano com Amor\u02ee e\u00a0 \u201cConcerto de Encerramento da Temporada 2018-19 &#8211; Kyung Wha Chung e a Orqestra de Macau\u02ee.<\/p>\n<p><strong>Desconto de 20%<\/strong><\/p>\n<ul>\n<li>Para portadores do Cart\u00e3o de Professor emitido em Macau<sup>*<\/sup>;<\/li>\n<li>Para portadores do Cart\u00e3o de Cr\u00e9dito do BOC ou de cart\u00e3o do BOC, na compra de qualquer n\u00famero de bilhetes para programas n\u00e3o especiais;<\/li>\n<li>Para portadores de cart\u00f5es Visa, MasterCard ou UnionPay do ICBC Macau, Banco BCM, OCBC Weng Hang e Banco Tai Fung na compra de qualquer n\u00famero de bilhetes;<\/li>\n<li>Para portadores de cart\u00e3o de embarque da Air Macau (c\u00f3digo de voo NX) com Macau como destino (MFM) at\u00e9 7 dias ap\u00f3s a data de voo na compra, em qualquer ponto de venda da Bilheteira de Macau, de qualquer n\u00famero de bilhetes para concertos.<\/li>\n<\/ul>\n<p><strong>Desconto de 50%<\/strong><\/p>\n<ul>\n<li>Para portadores de Cart\u00e3o de Estudante, a tempo inteiro e v\u00e1lido<sup>* <\/sup>(portadores de cart\u00e3o de estudante local ou residente de Macau com cart\u00e3o de estudante internacional);<\/li>\n<li>Para portadores do Cart\u00e3o de Idoso<sup>* <\/sup>ou do Registo de Avalia\u00e7\u00e3o de Defici\u00eancia<sup>*<\/sup>.<\/li>\n<\/ul>\n<h4><strong>Desconto de 55%<\/strong><\/h4>\n<ul>\n<li>Amigos Joven da OM<strong>*<\/strong><\/li>\n<\/ul>\n<p><sup>#<\/sup>Oferta apenas aplic\u00e1vel a portadores do Cart\u00e3o de Cr\u00e9dito Multi-Moedas do BOC ou do Cart\u00e3o do BOC (cart\u00e3o de d\u00e9bito), emitidos pela sucursal de Macau do Banco da China, mas n\u00e3o aplic\u00e1vel a portadores de cart\u00f5es de cr\u00e9dito do BOC ou de cart\u00f5es de cr\u00e9dito do Banco Tai Fung, emitidos pelo BOC Credit Card (Internacional) Limited na regi\u00e3o de Macau.<\/p>\n<p>*Cada portador de cart\u00e3o tem apenas direito a adquirir um bilhete com desconto por espect\u00e1culo.\u00c9 favor apresentar o documento respectivo \u00e0 entrada, caso contr\u00e1rio ser\u00e1 cobrado o pre\u00e7o integral do bilhete.<\/p>\n<p>^Excluindo concertos da Orquestra de Macau integrados no Festival Internacional de M\u00fasica de Macau,\u00a0no Festival de Artes de Macau.<\/p>\n<p>Convidam-se todas as crian\u00e7as de 3 ou mais anos de idade para o \u201cConcerto do Dia da Crian\u00e7a &#8211; A Experi\u00eancia de Mozart\u02ee, n\u00e3o \u00e9 permitida a entrada a menores de 6 anos dos outros espectaculos.[\/vc_column_text][\/vc_column][\/vc_row][vc_row][vc_column width=&#8221;5\/12&#8243;][vc_single_image image=&#8221;776&#8243; img_size=&#8221;full&#8221;][vc_column_text]Website\uff1a<a href=\"https:\/\/www.macauticket.com\" target=\"_blank\" rel=\"noopener noreferrer\">www.macauticket.com\u3000<\/a><br \/>\nReserva de Bilhetes\uff1a<br \/>\nMacau\u3000(853) 2855 5555<br \/>\nHong Kong\u3000(852) 2380 5083[\/vc_column_text][\/vc_column][vc_column width=&#8221;5\/12&#8243;][vc_single_image image=&#8221;775&#8243; img_size=&#8221;full&#8221;][vc_column_text]Endere\u00e7o: Pra\u00e7a do Tap Siac, Edif. do Instituto Cultural, Macau<br \/>\nWebsite\uff1a<a href=\"https:\/\/www.om-macau.org\" target=\"_blank\" rel=\"noopener noreferrer\">https:\/\/www.om-macau.org <\/a><br \/>\nE-mail\uff1aocm@icm.gov.mo<br \/>\nTel\uff1a(853) 2853 0782<br \/>\nFax\uff1a(853) 2853 0666[\/vc_column_text][\/vc_column][\/vc_row][vc_row][vc_column][vc_column_text]<\/p>\n<h2><span style=\"color: #d1ae6d;\">Fa\u00e7a \u201cGosto\u201d na nossa p\u00e1gina no Facebook para saber as \u00faltimas novidades<\/span><\/h2>\n<p>[\/vc_column_text][vc_row_inner][vc_column_inner width=&#8221;1\/2&#8243;][vc_single_image image=&#8221;785&#8243; img_size=&#8221;full&#8221; onclick=&#8221;custom_link&#8221; img_link_target=&#8221;_blank&#8221; link=&#8221;https:\/\/www.facebook.com\/MacaoOrchestra\/&#8221;][\/vc_column_inner][vc_column_inner width=&#8221;1\/2&#8243;][vc_single_image image=&#8221;784&#8243; img_size=&#8221;full&#8221; onclick=&#8221;custom_link&#8221; img_link_target=&#8221;_blank&#8221; link=&#8221;https:\/\/tw.weibo.com\/orchestramacao&#8221;][\/vc_column_inner][\/vc_row_inner][vc_column_text]A Organiza\u00e7\u00e3o reserva-se o direito de alterar o programa e os artistas.<\/p>\n<p>O Instituto Cultural do Governo da R.A.E. de Macau reserva-se o direito de interpreta\u00e7\u00e3o e de decis\u00e3o final em caso de disputa relativamente a estes termos.[\/vc_column_text][\/vc_column][\/vc_row]<\/p>\n","protected":false},"excerpt":{"rendered":"<p>[vc_row][vc_column][vc_column_text] Os bilhetes \u00e0 venda a partir do dia 1 de Julho de 2018 na Bilheteira Online de Macau. As &hellip; <a href=\"https:\/\/www.om-macau.org\/pt-pt\/2018-2019\/\" class=\"more-link\">Continuar a ler<span class=\"screen-reader-text\"> &#8220;2018-2019&#8221;<\/span><\/a><\/p>\n","protected":false},"author":1,"featured_media":0,"parent":0,"menu_order":0,"comment_status":"closed","ping_status":"closed","template":"page_with_sidebar.php","meta":{"_acf_changed":false,"footnotes":""},"class_list":["post-14980","page","type-page","status-publish","hentry"],"acf":[],"_links":{"self":[{"href":"https:\/\/www.om-macau.org\/pt-pt\/wp-json\/wp\/v2\/pages\/14980","targetHints":{"allow":["GET"]}}],"collection":[{"href":"https:\/\/www.om-macau.org\/pt-pt\/wp-json\/wp\/v2\/pages"}],"about":[{"href":"https:\/\/www.om-macau.org\/pt-pt\/wp-json\/wp\/v2\/types\/page"}],"author":[{"embeddable":true,"href":"https:\/\/www.om-macau.org\/pt-pt\/wp-json\/wp\/v2\/users\/1"}],"replies":[{"embeddable":true,"href":"https:\/\/www.om-macau.org\/pt-pt\/wp-json\/wp\/v2\/comments?post=14980"}],"version-history":[{"count":2,"href":"https:\/\/www.om-macau.org\/pt-pt\/wp-json\/wp\/v2\/pages\/14980\/revisions"}],"predecessor-version":[{"id":14998,"href":"https:\/\/www.om-macau.org\/pt-pt\/wp-json\/wp\/v2\/pages\/14980\/revisions\/14998"}],"wp:attachment":[{"href":"https:\/\/www.om-macau.org\/pt-pt\/wp-json\/wp\/v2\/media?parent=14980"}],"curies":[{"name":"wp","href":"https:\/\/api.w.org\/{rel}","templated":true}]}}