{"id":32208,"date":"2023-10-10T19:53:56","date_gmt":"2023-10-10T11:53:56","guid":{"rendered":"https:\/\/www.om-macau.org\/%e5%8a%a9%e7%90%86%e6%8c%87%e6%8c%a5%ef%bd%9c%e5%8f%b6%e6%94%bf%e5%be%b7\/"},"modified":"2025-09-06T11:18:35","modified_gmt":"2025-09-06T03:18:35","slug":"maestro-assistente%ef%bd%9ctony-cheng-te-yeh","status":"publish","type":"page","link":"https:\/\/www.om-macau.org\/en\/maestro-assistente%ef%bd%9ctony-cheng-te-yeh\/","title":{"rendered":"Assistant Conductor\uff5cTony Cheng-Te Yeh"},"content":{"rendered":"<p>[vc_row][vc_column][vc_single_image image=&#8221;47564&#8243; img_size=&#8221;large&#8221; alignment=&#8221;center&#8221;][vc_column_text]<\/p>\n<p style=\"text-align: justify;\"><span style=\"color: #ffffff;\">\u201cCheng-Te Yeh is a gifted young conductor, He has the great conducting technique and tasting, He always show the wonderful music and the personality in the podium and orchestra.\u201d<\/span><\/p>\n<p style=\"text-align: right;\"><span style=\"color: #ffffff;\">* Lan Shui,<\/span><\/p>\n<p><span style=\"color: #ffffff;\">Laureate Conductor of the Singapore Symphony Orchestra<\/span><\/p>\n<p><span style=\"color: #ffffff;\">\u00a0Honorary Conductor of the Copenhagen Philharmonic Orchestra<\/span><\/p>\n<p style=\"text-align: justify;\"><span style=\"color: #ffffff;\">\u201cTony is such a talented conductor, and his strong, and passionate qualities enable him to coordinate well with orchestra.\u201d<\/span><\/p>\n<p style=\"text-align: right;\"><span style=\"color: #ffffff;\">* Leonid Grin,<\/span><\/p>\n<p style=\"text-align: right;\"><span style=\"color: #ffffff;\">Music Director of the National Symphony Orchestra of Chile<\/span><\/p>\n<p style=\"text-align: justify;\"><span style=\"color: #ffffff;\">Cheng-Te Yeh is currently Assistant Conductor of the Macao Orchestra. As one of the most active conductors among the younger generation, having a passion for orchestral performance, Yeh possesses precise, refreshing conducting skills, and is adept at presenting music in passionate style. In addition to conducting orchestral works and premiering contemporary pieces, he also directs and plans a diversity of crossover concerts for theatre, dance drama and of folk music and pop music, winning praise, and feedback from various sectors.<\/span><\/p>\n<p style=\"text-align: justify;\"><span style=\"color: #ffffff;\">In 2013, Yeh obtained the Dipl\u00f4me Sup\u00e9rieur de Direction d\u2019Orchestre de Ecole Normale de Musique de Paris, after passing the exam with &#8220;the unanimous approval and congratulations of the jury&#8221;, with a highest honor, for two consecutive years \u2013 thus becoming the first person in 32 years to graduate with such results in a shortest period. In 2017, he received his Master of Music in Orchestral Conducting from the Haute \u00c9cole de Musique de Lausanne, where he had studied under renowned French conductor, Aur\u00e9lien Azan Zielinski.<\/span><\/p>\n<p style=\"text-align: justify;\"><span style=\"color: #ffffff;\">During his years in Europe, Yeh actively participated in international conducting activities and music academies. In 2016, he won a full scholarship from the Swiss government to participate in the internationally renowned Gstaad Menuhin Festival, and collaborated with prominent musicians including the clarinet family Ottensamer, cellist Sol Gabetta, pianist Gwhyneth\u00a0Chen and violinist Richard Lin. In February 2014, he was selected to join the world-renowned J\u00e4rvi Academy for a second time.<\/span><\/p>\n<p style=\"text-align: justify;\"><span style=\"color: #ffffff;\">He then conducted several performances in Estonia, under the guidance of maestros like Neeme J\u00e4rvi, Pavo J\u00e4rvi and Leonid Grin. He has cooperated with orchestras including, the Gstaad Festival Orchestra, J\u00e4rvi Academy Orchestra, P\u00e4rnu city Orchestra, the VU Orchestra (Amsterdam), Taiwan Philharmonic, National Taiwan Symphony Orchestra, Evergreen Symphony Orchestra (Taiwan), Kaohsiung City Chinese Orchestra, to name a few.<\/span><\/p>\n<p style=\"text-align: justify;\"><span style=\"color: #ffffff;\">Yeh also focuses on arts education and fostering talents. In 2023, he led his student orchestra to win the gold medal of the Global Youth Music Festival (SCL Festival) in Vienna, and perform at the Musikverein and Konzerthaus in Vienna, guiding young music students\u2019 learning and growth.<\/span><\/p>\n<p>[\/vc_column_text][\/vc_column][\/vc_row]<\/p>\n","protected":false},"excerpt":{"rendered":"<p>[vc_row][vc_column][vc_single_image image=&#8221;47564&#8243; img_size=&#8221;large&#8221; alignment=&#8221;center&#8221;][vc_column_text] \u201cCheng-Te Yeh is a gifted young conductor, He has the great conducting technique and tasting, He &hellip; <a href=\"https:\/\/www.om-macau.org\/en\/maestro-assistente%ef%bd%9ctony-cheng-te-yeh\/\" class=\"more-link\">Continue reading<span class=\"screen-reader-text\"> &#8220;Assistant Conductor\uff5cTony Cheng-Te Yeh&#8221;<\/span><\/a><\/p>\n","protected":false},"author":2,"featured_media":0,"parent":0,"menu_order":0,"comment_status":"closed","ping_status":"closed","template":"page_general.php","meta":{"_acf_changed":false,"footnotes":""},"class_list":["post-32208","page","type-page","status-publish","hentry"],"acf":[],"_links":{"self":[{"href":"https:\/\/www.om-macau.org\/en\/wp-json\/wp\/v2\/pages\/32208","targetHints":{"allow":["GET"]}}],"collection":[{"href":"https:\/\/www.om-macau.org\/en\/wp-json\/wp\/v2\/pages"}],"about":[{"href":"https:\/\/www.om-macau.org\/en\/wp-json\/wp\/v2\/types\/page"}],"author":[{"embeddable":true,"href":"https:\/\/www.om-macau.org\/en\/wp-json\/wp\/v2\/users\/2"}],"replies":[{"embeddable":true,"href":"https:\/\/www.om-macau.org\/en\/wp-json\/wp\/v2\/comments?post=32208"}],"version-history":[{"count":6,"href":"https:\/\/www.om-macau.org\/en\/wp-json\/wp\/v2\/pages\/32208\/revisions"}],"predecessor-version":[{"id":51227,"href":"https:\/\/www.om-macau.org\/en\/wp-json\/wp\/v2\/pages\/32208\/revisions\/51227"}],"wp:attachment":[{"href":"https:\/\/www.om-macau.org\/en\/wp-json\/wp\/v2\/media?parent=32208"}],"curies":[{"name":"wp","href":"https:\/\/api.w.org\/{rel}","templated":true}]}}